{"id":96,"date":"2015-08-17T15:46:51","date_gmt":"2015-08-17T14:46:51","guid":{"rendered":"http:\/\/traildelachouette.fr\/?page_id=96"},"modified":"2024-09-30T14:06:51","modified_gmt":"2024-09-30T13:06:51","slug":"edition-2023","status":"publish","type":"page","link":"https:\/\/www.traildelachouette.fr\/index.php\/edition-2023\/","title":{"rendered":"Edition 2023"},"content":{"rendered":"\n<figure class=\"wp-block-image\"><a href=\"http:\/\/traildelachouette.fr\/wp-content\/uploads\/2023\/04\/DSC7230.jpg\"><img loading=\"lazy\" decoding=\"async\" width=\"300\" height=\"200\" src=\"http:\/\/traildelachouette.fr\/wp-content\/uploads\/2023\/04\/DSC7230-300x200.jpg\" alt=\"\" class=\"wp-image-1353\" srcset=\"https:\/\/www.traildelachouette.fr\/wp-content\/uploads\/2023\/04\/DSC7230-300x200.jpg 300w, https:\/\/www.traildelachouette.fr\/wp-content\/uploads\/2023\/04\/DSC7230-768x512.jpg 768w, https:\/\/www.traildelachouette.fr\/wp-content\/uploads\/2023\/04\/DSC7230.jpg 800w\" sizes=\"auto, (max-width: 300px) 100vw, 300px\" \/><\/a><\/figure>\n\n\n\n<p>Merci \u00e0 tous pour vos sourires, vivement 2024<\/p>\n\n\n\n<p>Tous les r\u00e9sultats<\/p>\n\n\n\n<p><a href=\"https:\/\/stats.even-outdoor.com\/resultats\/index.php?m=resultats&amp;a=resultats&amp;id_course=680\">Le Grand Duc<\/a>&nbsp; &nbsp; &nbsp;(190 coureurs class\u00e9s)<\/p>\n\n\n\n<p><a href=\"https:\/\/stats.even-outdoor.com\/resultats\/index.php?m=resultats&amp;a=resultats&amp;id_course=679\">La Hulotte <\/a>&nbsp; &nbsp;(331 coureurs class\u00e9s)<\/p>\n\n\n\n<p><a href=\"https:\/\/stats.even-outdoor.com\/resultats\/index.php?m=resultats&amp;a=resultats&amp;id_course=678\">La Chev\u00eachette<\/a>&nbsp; &nbsp; (375 Coureurs class\u00e9s)<\/p>\n\n\n\n<p>Totes les photos<\/p>\n\n\n\n<p><a href=\"https:\/\/www.jingoo.com\/client\/key\/599351\/083b4bcc\">Les photos de Laurent Duquesne &nbsp; &nbsp; <\/a>(Lapone d\u00e8s 4 heures du matin)<\/p>\n\n\n\n<p><a href=\"https:\/\/bit.ly\/3Ajx4uF\">Les photos de Jos\u00e9 Goulart&nbsp;&nbsp;&nbsp;<\/a> (photos colueurs et NB de toutes les courses point de vue du Lac)<\/p>\n\n\n\n<p><a href=\"https:\/\/www.jingoo.com\/client\/key\/5980e3\/71f57286\/\">Les photos de Nicolas Goisque &nbsp; &nbsp; <\/a>(D\u00e9parts et Arriv\u00e9es \u00e0 1km du site)<\/p>\n\n\n\n<p><a href=\"https:\/\/photos.app.goo.gl\/v67dM1phbjrdqkJD6\">Les photos de Nathanaelle<\/a>&nbsp; &nbsp; (arriv\u00e9es et site)<\/p>\n","protected":false},"excerpt":{"rendered":"<p>Merci \u00e0 tous pour vos sourires, vivement 2024 Tous les r\u00e9sultats Le Grand Duc&nbsp; &nbsp; &nbsp;(190 coureurs class\u00e9s) La Hulotte &nbsp; &nbsp;(331 coureurs class\u00e9s) La Chev\u00eachette&nbsp; &nbsp; (375 Coureurs class\u00e9s) Totes les photos Les photos de Laurent Duquesne &nbsp; &nbsp; <a class=\"more-link\" href=\"https:\/\/www.traildelachouette.fr\/index.php\/edition-2023\/\">Lire la suite &#8230;<\/a><\/p>\n","protected":false},"author":1,"featured_media":0,"parent":0,"menu_order":0,"comment_status":"closed","ping_status":"open","template":"","meta":{"footnotes":""},"class_list":["post-96","page","type-page","status-publish","hentry"],"_links":{"self":[{"href":"https:\/\/www.traildelachouette.fr\/index.php\/wp-json\/wp\/v2\/pages\/96","targetHints":{"allow":["GET"]}}],"collection":[{"href":"https:\/\/www.traildelachouette.fr\/index.php\/wp-json\/wp\/v2\/pages"}],"about":[{"href":"https:\/\/www.traildelachouette.fr\/index.php\/wp-json\/wp\/v2\/types\/page"}],"author":[{"embeddable":true,"href":"https:\/\/www.traildelachouette.fr\/index.php\/wp-json\/wp\/v2\/users\/1"}],"replies":[{"embeddable":true,"href":"https:\/\/www.traildelachouette.fr\/index.php\/wp-json\/wp\/v2\/comments?post=96"}],"version-history":[{"count":82,"href":"https:\/\/www.traildelachouette.fr\/index.php\/wp-json\/wp\/v2\/pages\/96\/revisions"}],"predecessor-version":[{"id":1707,"href":"https:\/\/www.traildelachouette.fr\/index.php\/wp-json\/wp\/v2\/pages\/96\/revisions\/1707"}],"wp:attachment":[{"href":"https:\/\/www.traildelachouette.fr\/index.php\/wp-json\/wp\/v2\/media?parent=96"}],"curies":[{"name":"wp","href":"https:\/\/api.w.org\/{rel}","templated":true}]}}