{"id":933,"date":"2019-09-22T17:49:09","date_gmt":"2019-09-22T16:49:09","guid":{"rendered":"http:\/\/traildelachouette.fr\/?page_id=933"},"modified":"2021-08-18T10:09:14","modified_gmt":"2021-08-18T09:09:14","slug":"edition-2021","status":"publish","type":"page","link":"https:\/\/www.traildelachouette.fr\/index.php\/edition-2021\/","title":{"rendered":"Edition 2021"},"content":{"rendered":"<p><strong>L&rsquo;\u00e9dition 2021 fut une \u00e9dition connect\u00e9e<\/strong><\/p>\n<div dir=\"auto\">\n<div dir=\"auto\">Cette \u00e9dition connect\u00e9e nous a permis de proposer trois parcours avec t\u00e9l\u00e9chargement de la trace.<\/div>\n<div dir=\"auto\">Cette \u00e9dition connect\u00e9e et solidaire a \u00e9t\u00e9 un vrai succ\u00e8s puisque vous \u00e9tiez plus de 330 \u00e0 participer et d\u00e9couvrir les parcours d&rsquo;une mani\u00e8re diff\u00e9rente.<\/div>\n<div dir=\"auto\">166 sur la chevechette (13km), 122 sur la Hulotte (24km) et 56 sur le Grand-Duc (42km)<\/div>\n<div dir=\"auto\">Ce succ\u00e8s nous a permis de faire un don de 1104 euros \u00e0 l&rsquo;association des <a href=\"https:\/\/www.facebook.com\/chouettesducoeur\/\">Chouettes du Coeur<\/a> que nous soutenons depuis la premi\u00e8re \u00e9dition.<\/div>\n<div dir=\"auto\"><\/div>\n<\/div>\n<div dir=\"auto\">Une fois le parcours effectu\u00e9, les concurrents avaient la possibilit\u00e9 d&rsquo;envoyer leur trace sur la plate forme :\u00a0<a href=\"https:\/\/www.even-outdoor.com\/courses\/index.php?m=courses&amp;a=courses&amp;resultats=1&amp;id_evenement=290\">Les r\u00e9sultats<\/a><\/div>\n<p>&nbsp;<\/p>\n<p>&nbsp;<\/p>\n","protected":false},"excerpt":{"rendered":"<p>L&rsquo;\u00e9dition 2021 fut une \u00e9dition connect\u00e9e Cette \u00e9dition connect\u00e9e nous a permis de proposer trois parcours avec t\u00e9l\u00e9chargement de la trace. Cette \u00e9dition connect\u00e9e et solidaire a \u00e9t\u00e9 un vrai succ\u00e8s puisque vous \u00e9tiez plus de 330 \u00e0 participer et <a class=\"more-link\" href=\"https:\/\/www.traildelachouette.fr\/index.php\/edition-2021\/\">Lire la suite &#8230;<\/a><\/p>\n","protected":false},"author":1,"featured_media":0,"parent":0,"menu_order":0,"comment_status":"closed","ping_status":"closed","template":"","meta":{"footnotes":""},"class_list":["post-933","page","type-page","status-publish","hentry"],"_links":{"self":[{"href":"https:\/\/www.traildelachouette.fr\/index.php\/wp-json\/wp\/v2\/pages\/933","targetHints":{"allow":["GET"]}}],"collection":[{"href":"https:\/\/www.traildelachouette.fr\/index.php\/wp-json\/wp\/v2\/pages"}],"about":[{"href":"https:\/\/www.traildelachouette.fr\/index.php\/wp-json\/wp\/v2\/types\/page"}],"author":[{"embeddable":true,"href":"https:\/\/www.traildelachouette.fr\/index.php\/wp-json\/wp\/v2\/users\/1"}],"replies":[{"embeddable":true,"href":"https:\/\/www.traildelachouette.fr\/index.php\/wp-json\/wp\/v2\/comments?post=933"}],"version-history":[{"count":14,"href":"https:\/\/www.traildelachouette.fr\/index.php\/wp-json\/wp\/v2\/pages\/933\/revisions"}],"predecessor-version":[{"id":1052,"href":"https:\/\/www.traildelachouette.fr\/index.php\/wp-json\/wp\/v2\/pages\/933\/revisions\/1052"}],"wp:attachment":[{"href":"https:\/\/www.traildelachouette.fr\/index.php\/wp-json\/wp\/v2\/media?parent=933"}],"curies":[{"name":"wp","href":"https:\/\/api.w.org\/{rel}","templated":true}]}}