{"id":69,"date":"2015-08-15T16:27:07","date_gmt":"2015-08-15T15:27:07","guid":{"rendered":"http:\/\/traildelachouette.fr\/?page_id=69"},"modified":"2026-04-16T15:10:08","modified_gmt":"2026-04-16T14:10:08","slug":"le-grand-duc","status":"publish","type":"page","link":"https:\/\/www.traildelachouette.fr\/index.php\/le-grand-duc\/","title":{"rendered":"Le Grand Duc"},"content":{"rendered":"\n<p>Le Grand Duc empruntera un parcours exigeant r\u00e9serv\u00e9 aux trailers aguerris ou \u00e0 ceux d\u00e9sireux de pr\u00e9parer des courses en montagne.<\/p>\n\n\n\n<p>42 km pour 2100 D+ (le d\u00e9nivel\u00e9 indiqu\u00e9 par Openrunner n&rsquo;est pas juste) avec des singles tr\u00e8s techniques et des panoramas \u00e0 couper le souffle.<\/p>\n\n\n\n<p>Attention \u00e0 ne pas partir trop vite, les 15 premiers kilom\u00e8tres sont relativement difficiles.<\/p>\n\n\n\n<p>Le d\u00e9part sera \u00e0 donn\u00e9 \u00e0 8h00 et comme chaque ann\u00e9e cette \u00e9preuve est limit\u00e9e \u00e0 200 participants.<\/p>\n\n\n\n<p>Vous aurez 4 ravitaillements sur le parcours aux km 10, 16, 28 et 33,5 (liquide uniquement pour ce dernier)<\/p>\n\n\n\n<p>La barri\u00e8re horaire est fix\u00e9e au KM 17,5 apr\u00e8s trois heures 15 de course<\/p>\n\n\n\n<p><\/p>\n\n\n\n<iframe width=\"100%\" height=\"650\" loading=\"lazy\" src=\"https:\/\/www.openrunner.com\/embed.html?code=444247646c4f646c2f63694f76396859384b36435564796d386a44395079626245556b58475961676457413d3a3a81d1d60e13e50f7d96d2853a48a5b1d9&#038;lang=fr&#038;unit=metric\" style=\"border: none;\"><\/iframe>\n","protected":false},"excerpt":{"rendered":"<p>Le Grand Duc empruntera un parcours exigeant r\u00e9serv\u00e9 aux trailers aguerris ou \u00e0 ceux d\u00e9sireux de pr\u00e9parer des courses en montagne. 42 km pour 2100 D+ (le d\u00e9nivel\u00e9 indiqu\u00e9 par Openrunner n&rsquo;est pas juste) avec des singles tr\u00e8s techniques et <a class=\"more-link\" href=\"https:\/\/www.traildelachouette.fr\/index.php\/le-grand-duc\/\">Lire la suite &#8230;<\/a><\/p>\n","protected":false},"author":1,"featured_media":0,"parent":0,"menu_order":0,"comment_status":"closed","ping_status":"open","template":"","meta":{"footnotes":""},"class_list":["post-69","page","type-page","status-publish","hentry"],"_links":{"self":[{"href":"https:\/\/www.traildelachouette.fr\/index.php\/wp-json\/wp\/v2\/pages\/69","targetHints":{"allow":["GET"]}}],"collection":[{"href":"https:\/\/www.traildelachouette.fr\/index.php\/wp-json\/wp\/v2\/pages"}],"about":[{"href":"https:\/\/www.traildelachouette.fr\/index.php\/wp-json\/wp\/v2\/types\/page"}],"author":[{"embeddable":true,"href":"https:\/\/www.traildelachouette.fr\/index.php\/wp-json\/wp\/v2\/users\/1"}],"replies":[{"embeddable":true,"href":"https:\/\/www.traildelachouette.fr\/index.php\/wp-json\/wp\/v2\/comments?post=69"}],"version-history":[{"count":38,"href":"https:\/\/www.traildelachouette.fr\/index.php\/wp-json\/wp\/v2\/pages\/69\/revisions"}],"predecessor-version":[{"id":2312,"href":"https:\/\/www.traildelachouette.fr\/index.php\/wp-json\/wp\/v2\/pages\/69\/revisions\/2312"}],"wp:attachment":[{"href":"https:\/\/www.traildelachouette.fr\/index.php\/wp-json\/wp\/v2\/media?parent=69"}],"curies":[{"name":"wp","href":"https:\/\/api.w.org\/{rel}","templated":true}]}}