{"id":646,"date":"2018-10-15T17:56:27","date_gmt":"2018-10-15T16:56:27","guid":{"rendered":"http:\/\/traildelachouette.fr\/?page_id=646"},"modified":"2026-02-22T08:24:02","modified_gmt":"2026-02-22T07:24:02","slug":"infos","status":"publish","type":"page","link":"https:\/\/www.traildelachouette.fr\/","title":{"rendered":"Infos"},"content":{"rendered":"\n<p>La Lapone est de retour !!!!<br>Rendrez-vous le Week-end des 26 et 27 septembre 2026<br><a href=\"https:\/\/www.traildelachouette.fr\/index.php\/la-lapone\/\" data-type=\"page\" data-id=\"2272\">Plus d&rsquo;infos<\/a><\/p>\n\n\n\n<p>Toutes les courses sont compl\u00e8tes en moins de 3 jours nous sommes tr\u00e8s heureux et \u00e0 la fois pein\u00e9s de ne pas pouvoir r\u00e9pondre favorablement \u00e0 toutes les demandes.<br>Pour le plaisir de chaque participant et le respect de la faune, nous ne souhaitons et engorger les chemins et voulons pr\u00e9server un acc\u00e8s facile \u00e0 notre c\u00e9l\u00e8bre buffet d&rsquo;arriv\u00e9e.<br>Merci \u00e0 tous pour votre confiance et pour les retardataires, vous pouvez encore vous inscrire en liste d&rsquo;attente.<\/p>\n\n\n\n<p><a href=\"https:\/\/even-outdoor.com\/courses\/index.php?m=courses&amp;a=courses&amp;resultats=&amp;id_evenement=683\">Inscriptions aux listes d&rsquo;attente<\/a><\/p>\n\n\n\n<hr class=\"wp-block-separator has-alpha-channel-opacity\"\/>\n\n\n\n<p><a href=\"https:\/\/www.even-outdoor.com\/courses\/index.php?m=courses&amp;a=courses&amp;resultats=1&amp;id_evenement=584\">Tous les r\u00e9sultats 2025<\/a><\/p>\n\n\n\n<p>Toutes les photos de nos photographes professionnels mises \u00e0 disposition gratuitement<\/p>\n\n\n\n<p>Jos\u00e9 Goulart (<a href=\"https:\/\/www.jg-photographies.fr\/WPTemp\/bienvenue\/boutique\/?gad_source=1&amp;gad_campaignid=15166511263&amp;gbraid=0AAAAAoPSOt1JbH-e43qkNCoFqvI7NH_qQ&amp;gclid=CjwKCAjwiezABhBZEiwAEbTPGJ8c3p8bVycGVwGF9KWAc_EPW3rNV_PETi68r33hZZscfMRDGAXjbBoCx9QQAvD_BwE\">JG Photographies et Impressions<\/a>)<br><a href=\"https:\/\/www.jg-photographies.fr\/WPTemp\/bienvenue\/photographie\/vous-etes\/galeries-privees\/trail-de-la-chouette-2025\/\">Les photos<\/a><\/p>\n\n\n\n<p>Laurent Duquesne (<a href=\"https:\/\/www.shooting-dijon.com\">Shooting Dijon<\/a>)<br><a href=\"https:\/\/www.jingoo.com\/client\/key\/632d19\/f351f133\/\">Les photos<\/a><\/p>\n\n\n\n<p>Nicolas Goisque (<a href=\"http:\/\/niko-ngoisque.blogspot.com\">Nikophot<\/a>)<br><a href=\"https:\/\/www.jingoo.com\/client\/key\/631f42\/ffe241be\/\">Les photos<\/a><\/p>\n\n\n\n<p><\/p>\n\n\n\n<p><\/p>\n\n\n\n<p><\/p>\n","protected":false},"excerpt":{"rendered":"<p>La Lapone est de retour !!!!Rendrez-vous le Week-end des 26 et 27 septembre 2026Plus d&rsquo;infos Toutes les courses sont compl\u00e8tes en moins de 3 jours nous sommes tr\u00e8s heureux et \u00e0 la fois pein\u00e9s de ne pas pouvoir r\u00e9pondre favorablement <a class=\"more-link\" href=\"https:\/\/www.traildelachouette.fr\/\">Lire la suite &#8230;<\/a><\/p>\n","protected":false},"author":1,"featured_media":0,"parent":0,"menu_order":0,"comment_status":"closed","ping_status":"closed","template":"","meta":{"footnotes":""},"class_list":["post-646","page","type-page","status-publish","hentry"],"_links":{"self":[{"href":"https:\/\/www.traildelachouette.fr\/index.php\/wp-json\/wp\/v2\/pages\/646","targetHints":{"allow":["GET"]}}],"collection":[{"href":"https:\/\/www.traildelachouette.fr\/index.php\/wp-json\/wp\/v2\/pages"}],"about":[{"href":"https:\/\/www.traildelachouette.fr\/index.php\/wp-json\/wp\/v2\/types\/page"}],"author":[{"embeddable":true,"href":"https:\/\/www.traildelachouette.fr\/index.php\/wp-json\/wp\/v2\/users\/1"}],"replies":[{"embeddable":true,"href":"https:\/\/www.traildelachouette.fr\/index.php\/wp-json\/wp\/v2\/comments?post=646"}],"version-history":[{"count":75,"href":"https:\/\/www.traildelachouette.fr\/index.php\/wp-json\/wp\/v2\/pages\/646\/revisions"}],"predecessor-version":[{"id":2286,"href":"https:\/\/www.traildelachouette.fr\/index.php\/wp-json\/wp\/v2\/pages\/646\/revisions\/2286"}],"wp:attachment":[{"href":"https:\/\/www.traildelachouette.fr\/index.php\/wp-json\/wp\/v2\/media?parent=646"}],"curies":[{"name":"wp","href":"https:\/\/api.w.org\/{rel}","templated":true}]}}