{"id":621,"date":"2018-10-01T20:40:00","date_gmt":"2018-10-01T19:40:00","guid":{"rendered":"http:\/\/traildelachouette.fr\/?page_id=621"},"modified":"2026-04-16T15:12:12","modified_gmt":"2026-04-16T14:12:12","slug":"la-hulotte","status":"publish","type":"page","link":"https:\/\/www.traildelachouette.fr\/index.php\/la-hulotte\/","title":{"rendered":"La Hulotte"},"content":{"rendered":"\n<p>La chouette Hulotte est &nbsp;un oiseau robuste, qui mesure g\u00e9n\u00e9ralement entre 37 et 43&nbsp;<abbr class=\"abbr\" title=\"centim\u00e8tre\">cm<\/abbr> de longueur pour une envergure de 81 \u00e0 105&nbsp;<abbr class=\"abbr\" title=\"centim\u00e8tre\">cm<span style=\"font-size: small;\">&nbsp;<\/span><\/abbr>et une masse de 400 \u00e0 550&nbsp;<abbr class=\"abbr\" title=\"gramme\">g<\/abbr>.maxi, mais c&rsquo;est aussi le nom que nous avons donn\u00e9 au &nbsp;parcours que nous avons pouss\u00e9 cette ann\u00e9e \u00e0 28 km, il a \u00e9t\u00e9 sp\u00e9cialement cr\u00e9\u00e9 pour ceux qui souhaitent tester des longueurs interm\u00e9diaires avec une technicit\u00e9 forte.<\/p>\n\n\n\n<p>Attention aux difficult\u00e9s du parcours, c&rsquo;est un v\u00e9ritable trail avec quelques passages exigeants, il faut savoir g\u00e9rer sa course et ne pas partir trop vite. Le d\u00e9nivel\u00e9 total est important sur cette distance de 28 kms: &nbsp;1500 m\u00e8tres. (le d\u00e9nivel\u00e9 indiqu\u00e9 par Openrunner ci dessous est faux)<\/p>\n\n\n\n<p>C&rsquo;est la course id\u00e9ale pour d\u00e9couvrir une moyenne distance un peu piment\u00e9e.<\/p>\n\n\n\n<p>Le d\u00e9part sera \u00e0 donn\u00e9 \u00e0 9h00 et comme chaque ann\u00e9e cette \u00e9preuve est limit\u00e9e \u00e0 250 participants.<\/p>\n\n\n\n<p>Vous trouverez 3 ravitaillements : Au Km 10 solide et liquide, au Km 16 Solide et liquide et au Km 21 liquide.<\/p>\n\n\n\n<p>Pas de barri\u00e8re horaire cette ann\u00e9e.<\/p>\n\n\n\n<iframe width=\"100%\" height=\"650\" loading=\"lazy\" src=\"https:\/\/www.openrunner.com\/embed.html?code=733930566e786c416b674a4b395875507071675476486c494f6c6b676647574b6f2b4f2f47643768554c6b3d3a3ad90c2858f68d7ae76d01d655bb42c1b3&#038;lang=fr&#038;unit=metric\" style=\"border: none;\"><\/iframe>\n","protected":false},"excerpt":{"rendered":"<p>La chouette Hulotte est &nbsp;un oiseau robuste, qui mesure g\u00e9n\u00e9ralement entre 37 et 43&nbsp;cm de longueur pour une envergure de 81 \u00e0 105&nbsp;cm&nbsp;et une masse de 400 \u00e0 550&nbsp;g.maxi, mais c&rsquo;est aussi le nom que nous avons donn\u00e9 au &nbsp;parcours <a class=\"more-link\" href=\"https:\/\/www.traildelachouette.fr\/index.php\/la-hulotte\/\">Lire la suite &#8230;<\/a><\/p>\n","protected":false},"author":1,"featured_media":0,"parent":0,"menu_order":0,"comment_status":"closed","ping_status":"closed","template":"","meta":{"footnotes":""},"class_list":["post-621","page","type-page","status-publish","hentry"],"_links":{"self":[{"href":"https:\/\/www.traildelachouette.fr\/index.php\/wp-json\/wp\/v2\/pages\/621","targetHints":{"allow":["GET"]}}],"collection":[{"href":"https:\/\/www.traildelachouette.fr\/index.php\/wp-json\/wp\/v2\/pages"}],"about":[{"href":"https:\/\/www.traildelachouette.fr\/index.php\/wp-json\/wp\/v2\/types\/page"}],"author":[{"embeddable":true,"href":"https:\/\/www.traildelachouette.fr\/index.php\/wp-json\/wp\/v2\/users\/1"}],"replies":[{"embeddable":true,"href":"https:\/\/www.traildelachouette.fr\/index.php\/wp-json\/wp\/v2\/comments?post=621"}],"version-history":[{"count":24,"href":"https:\/\/www.traildelachouette.fr\/index.php\/wp-json\/wp\/v2\/pages\/621\/revisions"}],"predecessor-version":[{"id":2314,"href":"https:\/\/www.traildelachouette.fr\/index.php\/wp-json\/wp\/v2\/pages\/621\/revisions\/2314"}],"wp:attachment":[{"href":"https:\/\/www.traildelachouette.fr\/index.php\/wp-json\/wp\/v2\/media?parent=621"}],"curies":[{"name":"wp","href":"https:\/\/api.w.org\/{rel}","templated":true}]}}