{"id":617,"date":"2018-10-01T20:34:24","date_gmt":"2018-10-01T19:34:24","guid":{"rendered":"http:\/\/traildelachouette.fr\/?page_id=617"},"modified":"2024-09-30T14:22:55","modified_gmt":"2024-09-30T13:22:55","slug":"edition-2019","status":"publish","type":"page","link":"https:\/\/www.traildelachouette.fr\/index.php\/edition-2019\/","title":{"rendered":"Edition 2019"},"content":{"rendered":"\n<p><span style=\"color: #993366;\"><strong>Les R\u00e9sultats complets<br><\/strong><\/span><a href=\"http:\/\/traildelachouette.fr\/wp-content\/uploads\/2018\/10\/LA-CHEV\u00caCHETTE-Dijon-Arriv\u00e9e-13-km-2.pdf\">LA CHEV\u00caCHETTE &#8211; Dijon &#8211; Arriv\u00e9e (13 km)<\/a><br><a href=\"http:\/\/traildelachouette.fr\/wp-content\/uploads\/2019\/04\/LA-HULOTTE-Dijon-Arriv\u00e9e-24-km.pdf\">LA HULOTTE &#8211; Dijon &#8211; Arriv\u00e9e (24 km)<\/a><br><a href=\"http:\/\/traildelachouette.fr\/wp-content\/uploads\/2018\/10\/LE-GRAND-DUC-Dijon-Arriv\u00e9e-38-km-2.pdf\">LE GRAND-DUC &#8211; Dijon &#8211; Arriv\u00e9e (38 km)<\/a><a style=\"font-size: 1rem;\" href=\"http:\/\/traildelachouette.fr\/wp-content\/uploads\/2019\/05\/LA-LAPONE-Dijon-Arriv\u00e9e-65-km.pdf\"><br><\/a><a href=\"http:\/\/traildelachouette.fr\/wp-content\/uploads\/2018\/10\/LA-LAPONE-Dijon-Arriv\u00e9e-65-km-individuel.pdf\">LA LAPONE (65 km 2500D+) <\/a><\/p>\n\n\n\n<p><span style=\"color: #993366;\"><strong>Les premi\u00e8res photos&nbsp;<\/strong><\/span><br><a href=\"https:\/\/photos.app.goo.gl\/CvAWFGPVQ4pjzBdF8\">Photos de Jos\u00e9 Goulart (Hulotte et Grand-Duc)<\/a><br>David Misat<a href=\"https:\/\/public.joomeo.com\/albums\/5cc9fd58335af\"> (La Chev\u00eachette et la Hulotte)<br><\/a>David Misat<a href=\"https:\/\/public.joomeo.com\/albums\/5cc9fd58335af\"> (<\/a><a href=\"https:\/\/photos.app.goo.gl\/NhHbsFcxZfE14HsW7\">Le Grand-Duc, Hulotte et Chev\u00eachette)<br><\/a><a href=\"https:\/\/www.jingoo.com\/client\/key\/3928b1\/e1cf895a\/\">Photos de Laurent Duquesne (La Lapone)<\/a><\/p>\n\n\n\n<p><span style=\"color: #993366;\"><strong>Les commentaires&nbsp;<\/strong><\/span><strong><br><\/strong><a href=\"http:\/\/traildelachouette.fr\/index.php\/commentaires-2019\/\">Quelques commentaires re\u00e7us par mail et post\u00e9s sur notre page Facebook<\/a><\/p>\n","protected":false},"excerpt":{"rendered":"<p>Les R\u00e9sultats completsLA CHEV\u00caCHETTE &#8211; Dijon &#8211; Arriv\u00e9e (13 km)LA HULOTTE &#8211; Dijon &#8211; Arriv\u00e9e (24 km)LE GRAND-DUC &#8211; Dijon &#8211; Arriv\u00e9e (38 km)LA LAPONE (65 km 2500D+) Les premi\u00e8res photos&nbsp;Photos de Jos\u00e9 Goulart (Hulotte et Grand-Duc)David Misat (La Chev\u00eachette <a class=\"more-link\" href=\"https:\/\/www.traildelachouette.fr\/index.php\/edition-2019\/\">Lire la suite &#8230;<\/a><\/p>\n","protected":false},"author":1,"featured_media":0,"parent":0,"menu_order":0,"comment_status":"closed","ping_status":"closed","template":"","meta":{"footnotes":""},"class_list":["post-617","page","type-page","status-publish","hentry"],"_links":{"self":[{"href":"https:\/\/www.traildelachouette.fr\/index.php\/wp-json\/wp\/v2\/pages\/617","targetHints":{"allow":["GET"]}}],"collection":[{"href":"https:\/\/www.traildelachouette.fr\/index.php\/wp-json\/wp\/v2\/pages"}],"about":[{"href":"https:\/\/www.traildelachouette.fr\/index.php\/wp-json\/wp\/v2\/types\/page"}],"author":[{"embeddable":true,"href":"https:\/\/www.traildelachouette.fr\/index.php\/wp-json\/wp\/v2\/users\/1"}],"replies":[{"embeddable":true,"href":"https:\/\/www.traildelachouette.fr\/index.php\/wp-json\/wp\/v2\/comments?post=617"}],"version-history":[{"count":18,"href":"https:\/\/www.traildelachouette.fr\/index.php\/wp-json\/wp\/v2\/pages\/617\/revisions"}],"predecessor-version":[{"id":1716,"href":"https:\/\/www.traildelachouette.fr\/index.php\/wp-json\/wp\/v2\/pages\/617\/revisions\/1716"}],"wp:attachment":[{"href":"https:\/\/www.traildelachouette.fr\/index.php\/wp-json\/wp\/v2\/media?parent=617"}],"curies":[{"name":"wp","href":"https:\/\/api.w.org\/{rel}","templated":true}]}}