{"id":59,"date":"2015-08-02T14:35:57","date_gmt":"2015-08-02T13:35:57","guid":{"rendered":"http:\/\/traildelachouette.fr\/?page_id=59"},"modified":"2026-04-16T15:18:21","modified_gmt":"2026-04-16T14:18:21","slug":"la-cheveche","status":"publish","type":"page","link":"https:\/\/www.traildelachouette.fr\/index.php\/la-cheveche\/","title":{"rendered":"La Chev\u00eachette"},"content":{"rendered":"\n<p>La Chev\u00eachette est une petite chouette de 30 cm maxi mais c&rsquo;est aussi un parcours de 13 km cr\u00e9\u00e9 dans la Combe \u00e0 la Serpent \u00e0 Dijon.Ce site \u00e9tant un parc naturel, sur lequel de nombreux sentiers sont encore \u00e0 d\u00e9couvrir. Le d\u00e9nivel\u00e9 total sera d&rsquo;environ 350  m\u00e8tres.<\/p>\n\n\n\n<p>C&rsquo;est la course id\u00e9ale pour d\u00e9couvrir le trail, ou pour les plus exp\u00e9riment\u00e9s, s&rsquo;amuser sur des sentiers hyper ludiques.<br>Quelques petits passages techniques sur lesquels les d\u00e9butants devront prendre leur temps et marcher, mais rien d&rsquo;insurmontable.<\/p>\n\n\n\n<p>Le d\u00e9part sera \u00e0 donn\u00e9 \u00e0 9h30 et cette ann\u00e9e, attention l&rsquo;\u00e9preuve est limit\u00e9e \u00e0 300 participants.<\/p>\n\n\n\n<p>Vous trouverez sur le parcours un ravitaillement Solide et liquide au Km 8<\/p>\n\n\n\n<iframe width=\"100%\" height=\"650\" loading=\"lazy\" src=\"https:\/\/www.openrunner.com\/embed.html?code=5a427671626568616d72655947673865684a39546b52493546566f474835784b48675076616d364b674b383d3a3ae3866e65178ac914c3ace151fd52fb7a&#038;lang=fr&#038;unit=metric\" style=\"border: none;\"><\/iframe>\n","protected":false},"excerpt":{"rendered":"<p>La Chev\u00eachette est une petite chouette de 30 cm maxi mais c&rsquo;est aussi un parcours de 13 km cr\u00e9\u00e9 dans la Combe \u00e0 la Serpent \u00e0 Dijon.Ce site \u00e9tant un parc naturel, sur lequel de nombreux sentiers sont encore \u00e0 <a class=\"more-link\" href=\"https:\/\/www.traildelachouette.fr\/index.php\/la-cheveche\/\">Lire la suite &#8230;<\/a><\/p>\n","protected":false},"author":1,"featured_media":0,"parent":0,"menu_order":0,"comment_status":"closed","ping_status":"closed","template":"","meta":{"footnotes":""},"class_list":["post-59","page","type-page","status-publish","hentry"],"_links":{"self":[{"href":"https:\/\/www.traildelachouette.fr\/index.php\/wp-json\/wp\/v2\/pages\/59","targetHints":{"allow":["GET"]}}],"collection":[{"href":"https:\/\/www.traildelachouette.fr\/index.php\/wp-json\/wp\/v2\/pages"}],"about":[{"href":"https:\/\/www.traildelachouette.fr\/index.php\/wp-json\/wp\/v2\/types\/page"}],"author":[{"embeddable":true,"href":"https:\/\/www.traildelachouette.fr\/index.php\/wp-json\/wp\/v2\/users\/1"}],"replies":[{"embeddable":true,"href":"https:\/\/www.traildelachouette.fr\/index.php\/wp-json\/wp\/v2\/comments?post=59"}],"version-history":[{"count":42,"href":"https:\/\/www.traildelachouette.fr\/index.php\/wp-json\/wp\/v2\/pages\/59\/revisions"}],"predecessor-version":[{"id":2318,"href":"https:\/\/www.traildelachouette.fr\/index.php\/wp-json\/wp\/v2\/pages\/59\/revisions\/2318"}],"wp:attachment":[{"href":"https:\/\/www.traildelachouette.fr\/index.php\/wp-json\/wp\/v2\/media?parent=59"}],"curies":[{"name":"wp","href":"https:\/\/api.w.org\/{rel}","templated":true}]}}