{"id":389,"date":"2017-08-18T09:44:49","date_gmt":"2017-08-18T08:44:49","guid":{"rendered":"http:\/\/traildelachouette.fr\/?page_id=389"},"modified":"2019-09-22T17:57:27","modified_gmt":"2019-09-22T16:57:27","slug":"edition-2017","status":"publish","type":"page","link":"https:\/\/www.traildelachouette.fr\/index.php\/edition-2017\/","title":{"rendered":"Edition 2017"},"content":{"rendered":"<p>Trois courses \u00e9taient au programme de cette deuxi\u00e8me \u00e9dition<\/p>\n<p>400 participants sur la Chev\u00eachette, 13 km ( parcours 2016)<br \/>\n(<a href=\"http:\/\/traildelachouette.fr\/wp-content\/uploads\/2017\/04\/scratch-La-Chevrette.pdf\">R\u00e9sultats<\/a> &#8211; <a href=\"http:\/\/niko-ngoisque.blogspot.fr\/2017\/04\/trail-de-la-chouette-la-chevechette-les.html\">Photos<\/a>)<\/p>\n<p>300 participants sur le Grand-Duc 29km s( parcours 2016)<br \/>\n(<a href=\"http:\/\/traildelachouette.fr\/wp-content\/uploads\/2017\/04\/scratch-Le-Grand-Duc.pdf\">R\u00e9sultats<\/a> )<\/p>\n<p>50 \u00e9quipes sur la Lapone 65 km par \u00e9quipe de deux coureurs<br \/>\n(<a href=\"http:\/\/traildelachouette.fr\/wp-content\/uploads\/2017\/04\/scratch-La-Lapone.pdf\">R\u00e9sultats<\/a> &#8211; <a href=\"https:\/\/goo.gl\/photos\/7gu9WKxQWss4hUdL7\">Photos<\/a>)<\/p>\n<p><strong>Quelques t\u00e9moignages<\/strong><\/p>\n<p>&nbsp;<\/p>\n<table>\n<tbody>\n<tr>\n<td><img loading=\"lazy\" decoding=\"async\" class=\"alignnone wp-image-371 aligncenter\" src=\"http:\/\/traildelachouette.fr\/wp-content\/uploads\/2017\/08\/Capture-d\u2019\u00e9cran-2017-08-15-\u00e0-21.28.54-150x150.png\" alt=\"\" width=\"150\" height=\"150\" \/><\/td>\n<td style=\"text-align: center;\">Sophie TO<\/td>\n<\/tr>\n<tr>\n<td colspan=\"2\">Un troisi\u00e8me ultra pour moi, et celui o\u00f9 j&rsquo;ai le moins subi. Et oui, quand tu cours en duo et qu&rsquo;en plus tu dois un peu t&rsquo;orienter (pas la peine d&rsquo;\u00eatre \u00ab\u00a0super frisou\u00a0\u00bb en orientation car suivi globalement de gr et pr) et bien le temps passe plus vite ! Enfin des organisateurs qui osent proposer des courses en duo beaucoup plus sympa que seul. L&rsquo;innovation duo + carte pour s&rsquo;orienter et non suivi de rubalise, \u00e7a change tout dans un ultra. Vive le duo et le suivi d&rsquo;itin\u00e9raire sur carte ! A MAINTENIR ABSOLUMENT!<br \/>\nUn \u00e9norme remerciement \u00e0 tous les organisateurs et b\u00e9n\u00e9voles. Cela faisait tr\u00e8s longtemps que je n&rsquo;avais pas pass\u00e9 une journ\u00e9e aussi cool en prenant mon temps pour tout !<br \/>\nSee you evry body next Year !<\/td>\n<\/tr>\n<tr>\n<td style=\"text-align: center;\"><a href=\"http:\/\/traildelachouette.fr\/wp-content\/uploads\/2017\/08\/Capture-d\u2019\u00e9cran-2017-08-15-\u00e0-21.26.17.png\"><img loading=\"lazy\" decoding=\"async\" class=\"alignnone size-thumbnail wp-image-372\" src=\"http:\/\/traildelachouette.fr\/wp-content\/uploads\/2017\/08\/Capture-d\u2019\u00e9cran-2017-08-15-\u00e0-21.26.17-150x150.png\" alt=\"\" width=\"150\" height=\"150\" \/><\/a><\/td>\n<td style=\"text-align: center;\">Vincent Lasnel<\/td>\n<\/tr>\n<tr>\n<td colspan=\"2\">Superbe organisation, le parcours du 13 \u00e9tait vraiment sympa. \u00c9tant \u00e9tudiant kin\u00e9 j&rsquo;ai mass\u00e9 les autres concurrents \u00e0 l&rsquo;arriv\u00e9e. Bonne ambiance <span class=\"_47e3 _5mfr\" title=\"\u00e9motic\u00f4ne smile\"><img loading=\"lazy\" decoding=\"async\" class=\"img\" role=\"presentation\" src=\"https:\/\/www.facebook.com\/images\/emoji.php\/v9\/feb\/2\/16\/1f642.png\" alt=\"\" width=\"16\" height=\"16\" \/><\/span><\/td>\n<\/tr>\n<tr>\n<td style=\"text-align: center;\"><a href=\"http:\/\/traildelachouette.fr\/wp-content\/uploads\/2017\/08\/Capture-d\u2019\u00e9cran-2017-08-15-\u00e0-21.23.21.png\"><img loading=\"lazy\" decoding=\"async\" class=\"alignnone size-thumbnail wp-image-373\" src=\"http:\/\/traildelachouette.fr\/wp-content\/uploads\/2017\/08\/Capture-d\u2019\u00e9cran-2017-08-15-\u00e0-21.23.21-150x150.png\" alt=\"\" width=\"150\" height=\"150\" \/><\/a><\/td>\n<td style=\"text-align: center;\">St\u00e9phane Maure<\/td>\n<\/tr>\n<tr>\n<td colspan=\"2\">De retour de la Lapone, une course atypique et qui nous laissera un superbe souvenir !!<br \/>\nLa course en duo et le suivi d&rsquo;itin\u00e9raire changent totalement la perception de la course, le temps semble passer plus vite et les efforts semblent bien moins difficiles (euh \u00e0 part peut-\u00eatre les deux derni\u00e8res grandes mont\u00e9es !)<br \/>\nMerci pour la qualit\u00e9 de l&rsquo;organisation et pour la bonne humeur de tous les b\u00e9n\u00e9voles et, on l&rsquo;esp\u00e8re, \u00e0 l&rsquo;an prochain pour la deuxi\u00e8me \u00e9dition !<\/td>\n<\/tr>\n<\/tbody>\n<\/table>\n<p>&nbsp;<\/p>\n","protected":false},"excerpt":{"rendered":"<p>Trois courses \u00e9taient au programme de cette deuxi\u00e8me \u00e9dition 400 participants sur la Chev\u00eachette, 13 km ( parcours 2016) (R\u00e9sultats &#8211; Photos) 300 participants sur le Grand-Duc 29km s( parcours 2016) (R\u00e9sultats ) 50 \u00e9quipes sur la Lapone 65 km <a class=\"more-link\" href=\"https:\/\/www.traildelachouette.fr\/index.php\/edition-2017\/\">Lire la suite &#8230;<\/a><\/p>\n","protected":false},"author":1,"featured_media":0,"parent":0,"menu_order":0,"comment_status":"closed","ping_status":"closed","template":"","meta":{"footnotes":""},"class_list":["post-389","page","type-page","status-publish","hentry"],"_links":{"self":[{"href":"https:\/\/www.traildelachouette.fr\/index.php\/wp-json\/wp\/v2\/pages\/389","targetHints":{"allow":["GET"]}}],"collection":[{"href":"https:\/\/www.traildelachouette.fr\/index.php\/wp-json\/wp\/v2\/pages"}],"about":[{"href":"https:\/\/www.traildelachouette.fr\/index.php\/wp-json\/wp\/v2\/types\/page"}],"author":[{"embeddable":true,"href":"https:\/\/www.traildelachouette.fr\/index.php\/wp-json\/wp\/v2\/users\/1"}],"replies":[{"embeddable":true,"href":"https:\/\/www.traildelachouette.fr\/index.php\/wp-json\/wp\/v2\/comments?post=389"}],"version-history":[{"count":9,"href":"https:\/\/www.traildelachouette.fr\/index.php\/wp-json\/wp\/v2\/pages\/389\/revisions"}],"predecessor-version":[{"id":938,"href":"https:\/\/www.traildelachouette.fr\/index.php\/wp-json\/wp\/v2\/pages\/389\/revisions\/938"}],"wp:attachment":[{"href":"https:\/\/www.traildelachouette.fr\/index.php\/wp-json\/wp\/v2\/media?parent=389"}],"curies":[{"name":"wp","href":"https:\/\/api.w.org\/{rel}","templated":true}]}}