{"id":2272,"date":"2026-02-03T15:25:30","date_gmt":"2026-02-03T14:25:30","guid":{"rendered":"https:\/\/www.traildelachouette.fr\/?page_id=2272"},"modified":"2026-02-11T14:04:05","modified_gmt":"2026-02-11T13:04:05","slug":"reglement-lapone-2026","status":"publish","type":"page","link":"https:\/\/www.traildelachouette.fr\/index.php\/reglement-lapone-2026\/","title":{"rendered":"R\u00e8glement Lapone 2026"},"content":{"rendered":"\n<p><\/p>\n\n\n\n<p class=\"has-large-font-size\"><strong>Avertissement important<\/strong><\/p>\n\n\n\n<p>Le parcours est NON BALISE et potentiellement LOIN DES ZONES HABIT\u00c9ES. Il est \u00e0 r\u00e9aliser en autonomie entre chaque ravitaillement (environ 15 kms).<\/p>\n\n\n\n<p>Afin de progresser en s\u00e9curit\u00e9 les concurrents doivent ma\u00eetriser les techniques de navigation avec carte topographique et boussole. Ils doivent imp\u00e9rativement progresser en \u00e9quipe (\u00e0 moins de 50m l\u2019un de l\u2019autre). Et doivent aussi \u00eatre capables d\u2019affronter des conditions naturelles difficiles.<\/p>\n\n\n\n<p class=\"has-normal-font-size\"><strong>PREAMBULE<\/strong><strong><\/strong><\/p>\n\n\n\n<p><strong>ORGANISATION<\/strong><strong><\/strong><\/p>\n\n\n\n<p>La Lapone est une \u00e9preuve organis\u00e9e par Dijon Triathlon, organisateur via sa section Trail du \u00ab&nbsp;Trail de la Chouette&nbsp;\u00bb.<br>Elle est dirig\u00e9e par un Comit\u00e9 de Course dont les d\u00e9cisions sont sans appel.<\/p>\n\n\n\n<p><strong>ACCEPTATION DU REGLEMENT ET DE L&rsquo;ETHIQUE DE LA COURSE<br><\/strong>La participation \u00e0 l\u2019\u00e9preuve &nbsp;du \u00ab&nbsp;Trail de la Chouette&nbsp;\u00bb \u00ab&nbsp;la Lapone&nbsp;\u00bb implique l&rsquo;acceptation expresse et sans r\u00e9serve du pr\u00e9sent r\u00e8glement, de l&rsquo;\u00e9thique de l&rsquo;\u00e9v\u00e9nement et de toute consigne adress\u00e9e par l\u2019organisateur aux participants.&nbsp;<\/p>\n\n\n\n<p><strong>CARACTERISTIQUES DE L&rsquo;EPREUVE<\/strong><strong><\/strong><\/p>\n\n\n\n<ol start=\"1\" class=\"wp-block-list\">\n<li>La Lapone a pour but de r\u00e9aliser un parcours donn\u00e9 sans d\u00e9passer un temps imparti. Elle ne peut pas \u00eatre consid\u00e9r\u00e9e comme une \u00e9preuve comp\u00e9titive et de ce fait, ne donne pas lieu \u00e0 un classement officiel.<\/li>\n\n\n\n<li>Elle est ouverte \u00e0 des \u00e9quipes f\u00e9minines, masculines ou mixtes de 2 personnes. Le nombre de concurrents maximum \u00e9tant plafonn\u00e9 \u00e0 <strong>100<\/strong>.<\/li>\n\n\n\n<li><strong>Les \u00e9quipes sont strictement indissociables<\/strong>. <strong>En cas d\u2019abandon d\u2019un coureur dans une \u00e9quipe, les 2 coureurs s\u2019arr\u00eatent.<\/strong><\/li>\n\n\n\n<li>Le parcours est \u00e0 r\u00e9aliser en <strong>semi-autosuffisance<\/strong>, les \u00e9quipes g\u00e8rent comme elles l\u2019entendent leur ravitaillement et leur temps de repos. Tout au long du parcours, l&rsquo;organisation propose :<br>&nbsp;&nbsp;&nbsp;&nbsp;&nbsp;&nbsp;&nbsp;&nbsp;&nbsp;&nbsp;&nbsp;&nbsp;&nbsp;&nbsp;&nbsp;&nbsp;&nbsp;&nbsp;&nbsp;&nbsp;&nbsp;&nbsp; &#8211; Les ravitaillement solides et liquides<\/li>\n<\/ol>\n\n\n\n<p>&#8211; Les cartes permettant de trouver le ravitaillement suivant.<\/p>\n\n\n\n<ol start=\"5\" class=\"wp-block-list\">\n<li>L\u2019\u00e9preuve se d\u00e9roulera sur deux jours, les <strong>samedi 26 et dimanche 27 septembre 2026.<\/strong><\/li>\n\n\n\n<li>Un bivouac sera organis\u00e9 pour la nuit du 26 au 27 septembre, chaque duo devra g\u00e9rer son campement, (tente, sacs de couchage) dans un sac \u00e9tiquet\u00e9 qu\u2019il fournira \u00e0 l\u2019organisation, qui g\u00e9rera l\u2019acheminement.<\/li>\n\n\n\n<li>La distance totale sera comprise entre 90 et 110 kilom\u00e8tres avec un d\u00e9nivel\u00e9 raisonnable (moins de 3500 D+). La distance exacte sera fournie, une fois que l&rsquo;\u00e9quipe de tra\u00e7age aura valid\u00e9 le parcours.<\/li>\n\n\n\n<li>L\u2019<strong>assistance n\u2019est tol\u00e9r\u00e9e que sur les ravitaillements<\/strong>. Elle est interdite en tout autre point du parcours, y compris les travers\u00e9es de village ou de route.<\/li>\n\n\n\n<li><strong>Aucun accompagnement<\/strong> n\u2019est autoris\u00e9 tout au long du parcours (\u00e0 l\u2019exception du kilom\u00e8tre pr\u00e9c\u00e9dant et suivant les ravitaillements)<\/li>\n<\/ol>\n\n\n\n<p class=\"has-normal-font-size\"><strong>CONDITIONS DE PARTICIPATION ET INSCRIPTION<\/strong><strong><\/strong><\/p>\n\n\n\n<p><strong>CONDITIONS D&rsquo;INSCRIPTION<\/strong><strong><\/strong><\/p>\n\n\n\n<p>La Lapone est ouverte \u00e0 toute personne n\u00e9e en 2006 ou avant (cat\u00e9gories espoir \u00e0 v\u00e9t\u00e9ran), licenci\u00e9e ou non.<\/p>\n\n\n\n<p>Pour valider son inscription, chaque coureur doit fournir un PPS ou une licence d\u2019athl\u00e9tisme (FFA) ou un certificat m\u00e9dical de non contre-indication \u00e0 la course \u00e0 pied en comp\u00e9tition.<\/p>\n\n\n\n<p><strong>Aucun dossard ne sera attribu\u00e9 en l\u2019absence d\u2019un de ces trois documents<\/strong><\/p>\n\n\n\n<p><strong>FRAIS D\u2019INSCRIPTION<\/strong><strong><\/strong><\/p>\n\n\n\n<p>Inscriptions exclusivement sur internet et paiement s\u00e9curis\u00e9 par carte bancaire.<\/p>\n\n\n\n<p>Droits d&rsquo;engagement 2026 : 220 euros par \u00e9quipe de 2.<\/p>\n\n\n\n<p>Prestations fournies par l\u2019organisation :<\/p>\n\n\n\n<ol start=\"1\" class=\"wp-block-list\">\n<li>Dossard (un pour chaque \u00e9quipier)<\/li>\n\n\n\n<li>Balise GPS permettant de suivre l\u2019\u00e9quipe depuis le PC course<\/li>\n\n\n\n<li>Jeu de cartes au 1\/25 000\u00e8me&nbsp;<\/li>\n\n\n\n<li>Veille t\u00e9l\u00e9phonique 24h\/24 au PC course<\/li>\n\n\n\n<li>Acheminement d\u2019un sac par concurrent et d\u2019une tente par \u00e9quipe du lieu de d\u00e9part au bivouac le samedi et du Bivouac au lieu d\u2019arriv\u00e9e le dimanche<\/li>\n\n\n\n<li>Des douches chaudes  sur l&rsquo;aire de bivouac et sur le site d&rsquo;arriv\u00e9e le dimanche.<\/li>\n\n\n\n<li>Un repas chaud \u00e0 l\u2019abri, sur le lieu de bivouac le samedi soir<\/li>\n\n\n\n<li>Un petit d\u00e9jeuner \u00e0 l\u2019abri sur l\u2019aire de bivouac le dimanche matin<\/li>\n\n\n\n<li>Ravitaillements solides et liquides les deux jours (Minimum 3 ravitaillements par journ\u00e9e).<\/li>\n<\/ol>\n\n\n\n<p><strong>ENGAGEMENT DES COUREURS<\/strong><strong><\/strong><\/p>\n\n\n\n<p>Pour participer \u00e0 la Lapone, il est indispensable :<\/p>\n\n\n\n<ul class=\"wp-block-list\">\n<li>D\u2019\u00eatre pleinement conscient de la longueur et de la sp\u00e9cificit\u00e9 de l\u2019\u00e9preuve et d\u2019\u00eatre parfaitement pr\u00e9par\u00e9 pour cela ;<\/li>\n\n\n\n<li>D\u2019avoir acquis, pr\u00e9alablement \u00e0 l\u2019\u00e9preuve, une r\u00e9elle capacit\u00e9 d\u2019autonomie en pleine nature, et notamment :\n<ul class=\"wp-block-list\">\n<li>D\u2019\u00eatre pleinement conscient que le parcours comporte des passages techniques difficiles et \u00e0 risque : pentes raides, hors trace, \u00e9boulis, etc et qu\u2019il est non balis\u00e9<\/li>\n\n\n\n<li>De ma\u00eetriser les techniques n\u00e9cessaires pour affronter ce milieu et conna\u00eetre les m\u00e9thodes d\u2019orientation<\/li>\n\n\n\n<li>Savoir affronter sans aide ext\u00e9rieure des conditions climatiques (nuit, vent, froid, brouillard, pluie ou neige)<\/li>\n\n\n\n<li>Savoir identifier les coordonn\u00e9es GPS de l\u2019endroit auquel il se trouve (les balises fournies n\u2019\u00e9tant pas infaillibles) qu\u2019il pourra transmettre au PC Course ou aux secours en cas de difficult\u00e9 ou blessure.<\/li>\n\n\n\n<li>Savoir g\u00e9rer les probl\u00e8mes physiques ou mentaux d\u00e9coulant d\u2019une grande fatigue, les probl\u00e8mes digestifs, les douleurs musculaires ou articulaires, les petites blessures\u2026<\/li>\n\n\n\n<li>D\u2019\u00eatre pleinement conscient que l\u2019\u00e9preuve n\u2019est pas m\u00e9dicalis\u00e9e par l\u2019organisation<\/li>\n\n\n\n<li>D\u2019\u00eatre pleinement conscient que pour une telle activit\u00e9 en pleine nature la s\u00e9curit\u00e9 d\u00e9pend en premier lieu de la capacit\u00e9 du coureur \u00e0 s\u2019adapter aux probl\u00e8mes rencontr\u00e9s<\/li>\n<\/ul>\n<\/li>\n<\/ul>\n\n\n\n<ul class=\"wp-block-list\">\n<li>D\u2019informer et sensibiliser ses accompagnants sur le respect des lieux, des personnes et du r\u00e8glement de la course.<\/li>\n\n\n\n<li>D\u2019accepter de recevoir toutes les newsletters avec les informations sur l\u2019\u00e9v\u00e9nement.<\/li>\n<\/ul>\n\n\n\n<p><strong>NB : l\u2019organisation est habilit\u00e9e \u00e0 mettre hors course les \u00e9quipes qui sont jug\u00e9es incapables de progresser en s\u00e9curit\u00e9 en pleine nature. De plus, ceux qui n&rsquo;auront pas la capacit\u00e9 technique de passer les passages difficiles par eux m\u00eame sans l&rsquo;aide de l&rsquo;organisation seront exclus de la course une fois qu&rsquo;ils seront mis en s\u00e9curit\u00e9.<\/strong><\/p>\n\n\n\n<p><strong>EQUIPEMENT OBLIGATOIRE<\/strong><strong><\/strong><\/p>\n\n\n\n<p>Pour des raisons \u00e9videntes de s\u00e9curit\u00e9<strong> les participants s\u2019engagent sur l\u2019honneur \u00e0 garder avec eux tous les \u00e9quipements obligatoires <\/strong>ci-dessous \u00e9num\u00e9r\u00e9s<strong>. <\/strong>Des contr\u00f4les syst\u00e9matiques seront effectu\u00e9s \u00e0 la remise des dossards, aux ravitaillements et d\u2019une mani\u00e8re al\u00e9atoire tout au long du parcours.<\/p>\n\n\n\n<p><strong>\u00c9quipement individuel obligatoire<\/strong><\/p>\n\n\n\n<ul class=\"wp-block-list\">\n<li>R\u00e9serve d&rsquo;eau minimum 1.5 litres<\/li>\n\n\n\n<li>R\u00e9serve de nourriture \u00e9nerg\u00e9tique de s\u00e9curit\u00e9<\/li>\n\n\n\n<li>1 lampe en bon \u00e9tat de marche avec piles de rechange<\/li>\n\n\n\n<li>Couverture de survie (minimum 140x210cm)<\/li>\n\n\n\n<li>Sifflet<\/li>\n\n\n\n<li>T\u00e9l\u00e9phone mobile charg\u00e9 (num\u00e9ro fourni \u00e0 l\u2019organisation)<\/li>\n\n\n\n<li>1 veste en tissu respirant et 100% imperm\u00e9able<\/li>\n\n\n\n<li>1 gobelet multi-usages, pour pouvoir s\u2019hydrater sur les ravitaillements<\/li>\n\n\n\n<li>1 sac de couchage remis \u00e0 l\u2019organisation au d\u00e9part<\/li>\n<\/ul>\n\n\n\n<p><strong>\u00c9quipement obligatoire par \u00e9quipe<\/strong><\/p>\n\n\n\n<ul class=\"wp-block-list\">\n<li>Les cartes du parcours fournies par l\u2019organisation<\/li>\n\n\n\n<li>1 tente<\/li>\n\n\n\n<li>1 Boussole<\/li>\n<\/ul>\n\n\n\n<p><strong>Autres \u00e9quipements fortement conseill\u00e9s pour votre s\u00e9curit\u00e9<\/strong> (liste non exhaustive)<\/p>\n\n\n\n<ul class=\"wp-block-list\">\n<li>b\u00e2tons,<\/li>\n\n\n\n<li>autres v\u00eatements de rechange,<\/li>\n\n\n\n<li>Doudou si pas trop volumineux<\/li>\n\n\n\n<li>ficelle, cr\u00e8me solaire, vaseline ou cr\u00e8me anti-\u00e9chauffement\u2026<\/li>\n\n\n\n<li>Trousse de secours premiers soins.<\/li>\n<\/ul>\n\n\n\n<p><strong>SECURITE ET CONDUITE A TENIR EN CAS D\u2019ACCIDENT OU D\u2019INCIDENT<\/strong><strong><\/strong><\/p>\n\n\n\n<p>Le PC Course install\u00e9 au bivouac le samedi et \u00e0 Dijon le dimanche et les contr\u00f4leurs dispos\u00e9s sur le parcours seront les seuls interlocuteurs des coureurs qui s\u2019adresseront \u00e0 eux pour tout probl\u00e8me rencontr\u00e9. Le cas \u00e9ch\u00e9ant, ils seront charg\u00e9s de l\u2019alerte et de la coordination des secours publics.<\/p>\n\n\n\n<p>En cas d\u2019accident :<\/p>\n\n\n\n<ul class=\"wp-block-list\">\n<li>les coureurs devront utiliser leur trousse de secours pour les premiers soins,<\/li>\n\n\n\n<li>en cas d\u2019urgence ou d\u2019impossibilit\u00e9 de se d\u00e9placer, ils alerteront imp\u00e9rativement le PC Course par tous les moyens.<\/li>\n<\/ul>\n\n\n\n<p><strong>En cas de mauvaises conditions m\u00e9t\u00e9orologiques, et pour des raisons de s\u00e9curit\u00e9, le Comit\u00e9 de course se r\u00e9serve le droit de modifier le parcours, d&rsquo;arr\u00eater l&rsquo;\u00e9preuve en cours ou de modifier les barri\u00e8res horaires. Ses d\u00e9cisions sont sans appel.<\/strong><\/p>\n\n\n\n<p><strong>ASSURANCE<\/strong><strong><\/strong><\/p>\n\n\n\n<p>Individuelle accident :<\/p>\n\n\n\n<p><strong>Chaque concurrent doit \u00eatre en possession d&rsquo;une assurance individuelle accident couvrant les frais de recherche et d&rsquo;\u00e9vacuation en France.<\/strong> Une telle assurance peut \u00eatre souscrite aupr\u00e8s de tout organisme au choix du concurrent, et notamment aupr\u00e8s de la F\u00e9d\u00e9ration Fran\u00e7aise d&rsquo;Athl\u00e9tisme via la souscription d\u2019une licence ou encore aupr\u00e8s de la F\u00e9d\u00e9ration Fran\u00e7aise de la Montagne et de l\u2019Escalade ou de la F\u00e9d\u00e9ration Fran\u00e7aise des Clubs Alpins et de Montagne.<\/p>\n\n\n\n<p><strong>RESPECT DE L&rsquo;ENVIRONNEMENT<\/strong><strong><\/strong><\/p>\n\n\n\n<p>En s\u2019inscrivant \u00e0 la Lapone, les participants s\u2019engagent \u00e0 respecter l\u2019environnement et les espaces naturels travers\u00e9s. En particulier :<\/p>\n\n\n\n<ul class=\"wp-block-list\">\n<li>Il est strictement interdit d\u2019abandonner ses d\u00e9chets (tubes contenant des gels, papiers, d\u00e9tritus organiques, emballages plastiques&#8230;) sur le parcours.<\/li>\n\n\n\n<li>Tous les participants doivent conserver les d\u00e9chets et emballages en attendant de pouvoir les jeter dans les poubelles mises \u00e0 disposition sur check point ou les villages travers\u00e9s. L\u2019organisation incite les coureurs \u00e0 se munir d\u2019une pochette d\u00e9chets pour transporter leurs d\u00e9chets.<\/li>\n<\/ul>\n\n\n\n<p><strong>Aucune vaisselle jetable (couverts, gobelets, bols) ne sera distribu\u00e9e sur les ravitaillements. Ceci afin de r\u00e9duire la consommation de plastique des coureurs, ainsi que des b\u00e9n\u00e9voles.<\/strong><\/p>\n\n\n\n<p>Pour minimiser notre empreinte sur la faune et la flore, il est express\u00e9ment demand\u00e9 aux participants de suivre le chemin propos\u00e9 sur la carte, la Lapone n\u2019est pas une course d\u2019orientation, le long du parcours, des b\u00e9n\u00e9voles seront susceptible de r\u00e9aliser des contr\u00f4les ou les azimuts (coupe directe via boussole) sont possibles.<\/p>\n\n\n\n<p><strong>DROIT \u00c0 L&rsquo;IMAGE<\/strong><strong><\/strong><\/p>\n\n\n\n<p>Tout concurrent renonce express\u00e9ment \u00e0 se pr\u00e9valoir du droit \u00e0 l&rsquo;image durant l&rsquo;\u00e9preuve, comme il renonce \u00e0 tout recours \u00e0 l&rsquo;encontre de l&rsquo;organisateur et de ses partenaires agr\u00e9\u00e9s pour l&rsquo;utilisation faite de son image. Seule l\u2019organisation peut transmettre ce droit \u00e0 l\u2019image \u00e0 tout m\u00e9dia, via une accr\u00e9ditation ou une licence adapt\u00e9e.<\/p>\n\n\n\n<p><br><strong>PROTECTIONS DES DONN\u00c9ES PERSONNELLES<\/strong><strong><\/strong><\/p>\n\n\n\n<p>Selon la loi informatique et libert\u00e9 du 6 ao\u00fbt 1978 (loi fran\u00e7aise), et conform\u00e9ment au nouveau R\u00e8glement G\u00e9n\u00e9ral sur la Protection des Donn\u00e9es (RGPD UE 2016\/679), tout concurrent dispose d\u2019un droit d\u2019acc\u00e8s et de rectification des donn\u00e9es le concernant.<\/p>\n\n\n\n<p>Les informations sont recueillies dans le cadre d\u2019une inscription \u00e0 l\u2019une des courses du Trail de la Chouette, pour les besoins de l\u2019organisation, et notamment celui d\u2019identifier individuellement chaque concurrent afin de lui communiquer avant, pendant ou apr\u00e8s l\u2019\u00e9v\u00e8nement toute information li\u00e9e \u00e0 sa participation.<\/p>\n\n\n\n<p>L\u2019int\u00e9gralit\u00e9 des donn\u00e9es du coureur est conserv\u00e9e pendant une dur\u00e9e de 10 ans, renouvelable \u00e0 chaque inscription, correspondant \u00e0 la dur\u00e9e l\u00e9gale de conservation du certificat m\u00e9dical de non contre-indication \u00e0 la pratique de l\u2019athl\u00e9tisme ou de la course \u00e0 pied en comp\u00e9tition, ou de la licence sportive. Au-del\u00e0 de ces 10 ans, et sauf autorisation explicite du coureur, toutes les donn\u00e9es sont supprim\u00e9es except\u00e9es nom, pr\u00e9nom, date de naissance, genre et nationalit\u00e9 pour maintenir les classements.<\/p>\n\n\n\n<p>Tout demande de modification de donn\u00e9es peut \u00eatre effectu\u00e9e :<\/p>\n\n\n\n<ul class=\"wp-block-list\">\n<li>Par courrier \u00e0 l\u2019adresse suivante :<br>Trail de la Chouette, Marc Chaveriat, 14 Rue St Fiacre \u2013 21800 Qu\u00e9tigny<\/li>\n\n\n\n<li>Par email \u00e0 l\u2019adresse suivante : trail.dijon@gmail.com<\/li>\n<\/ul>\n\n\n\n<p>Toute demande d\u2019acc\u00e8s ou de modification des donn\u00e9es personnelles sera trait\u00e9e dans les plus brefs d\u00e9lais \u00e0 compter de la r\u00e9ception de la demande, dans un d\u00e9lai maximal de 1 mois.<\/p>\n\n\n\n<p><strong>D\u00c9ROULEMENT DE L\u2019\u00c9PREUVE<\/strong><\/p>\n\n\n\n<p>La Lapone 2026 se d\u00e9roulera au d\u00e9part de Dijon sous la forme d\u2019un circuit en pleine nature long d\u2019environ 95 kilom\u00e8tres et comportant environ 3000 m\u00e8tres de d\u00e9nivel\u00e9 positif.<\/p>\n\n\n\n<p>Le d\u00e9part est fix\u00e9 le <strong>samedi 26 Septembre 2026 \u00e0 10h00<\/strong> devant la base nautique du lac Kir \u00e0 Dijon, les arriv\u00e9es seront jug\u00e9es \u00e0 la base nautique du lac Kir \u00e0 Dijon <strong>jusqu\u2019au dimanche 27 septembre \u00e0 15 heures.<\/strong><\/p>\n\n\n\n<p>Le dimanche matin, le d\u00e9part sera donn\u00e9 une heure et trente minutes apr\u00e8s le r\u00e9veil qui est fix\u00e9 \u00e0 l\u2019heure que les organisateurs estimeront que vous avez assez dormi.<\/p>\n\n\n\n<p><strong>DOSSARDS<\/strong><strong><\/strong><\/p>\n\n\n\n<p>Chaque dossard est remis individuellement \u00e0 chaque concurrent sur pr\u00e9sentation d&rsquo;une pi\u00e8ce d&rsquo;identit\u00e9 avec photo, sous r\u00e9serve de conformit\u00e9 du dossier d\u2019inscription (PPS ou licence et num\u00e9ro de mobile de chacun des participant fourni \u00e0 l\u2019organisation) et la remise d\u2019un<strong> ch\u00e8que de caution de 150 euros par \u00e9quipe<\/strong> pour la balise GPS.<\/p>\n\n\n\n<p>Il devra \u00eatre pr\u00e9sent\u00e9 lors des contr\u00f4les organis\u00e9s le long du parcours.<\/p>\n\n\n\n<p><strong>LOCALISATION ET CONTR\u00d4LE<\/strong><strong><\/strong><\/p>\n\n\n\n<p>Une<strong> balise GPS est fournie \u00e0 chaque \u00e9quipe<\/strong>. Cette balise permet \u00e0 l\u2019organisation de suivre la progression de l\u2019\u00e9quipe et de s\u2019assurer qu\u2019elle respecte le parcours. Ces informations sont disponibles sur internet.<\/p>\n\n\n\n<p>Un ch\u00e8que de caution de 150 euros sera demand\u00e9 pour chaque balise (une par \u00e9quipe)<\/p>\n\n\n\n<p>Le positionnement de la balise sur le sac pr\u00e9conis\u00e9 par l\u2019organisation devra \u00eatre strictement respect\u00e9.<\/p>\n\n\n\n<p>Il est toutefois n\u00e9cessaire, que chacun membre du duo sache d\u00e9tecter (T\u00e9l\u00e9phone ou montre) et fournir au PC course ou au secours en cas d\u2019urgence, les coordonn\u00e9es GPS de l\u2019endroit o\u00f9 il se trouve.<\/p>\n\n\n\n<p><strong>BARRI\u00c8RES HORAIRES<\/strong><\/p>\n\n\n\n<p>Des barri\u00e8res horaires seront d\u00e9finies aux ravitaillements et tout autre lieu jug\u00e9 utile par l\u2019organisation pour des imp\u00e9ratifs de s\u00e9curit\u00e9.&nbsp; Elles sont calcul\u00e9es pour permettre aux participants de rallier l&rsquo;arriv\u00e9e dans le temps d\u2019effort maximum impos\u00e9 de 12 heures pour chacune des journ\u00e9es.&nbsp;<\/p>\n\n\n\n<p><strong>Pour \u00eatre autoris\u00e9es \u00e0 poursuivre l&rsquo;\u00e9preuve, les \u00e9quipes doivent repartir du point de passage avant l&rsquo;heure limite indiqu\u00e9e.<\/strong><\/p>\n\n\n\n<p>Tout concurrent mis hors course par l\u2019organisation et voulant poursuivre son parcours le fera sous sa propre responsabilit\u00e9 apr\u00e8s avoir restitu\u00e9 son dossard et sa balise GPS.<\/p>\n\n\n\n<p><strong>ABANDON ET RAPATRIEMENT<\/strong><strong><\/strong><\/p>\n\n\n\n<p>L\u2019organisation assurera le rapatriement des coureurs (qui abandonnent ou qui sont mis hors course \u00e0 une barri\u00e8re horaire) \u00e0 partir de chaque lieu avec barri\u00e8re horaire, sans engagement de d\u00e9lai.<\/p>\n\n\n\n<p>En cas d\u2019abandon en tout autre point du parcours, sauf exception, les coureurs devront s\u2019organiser par leurs propres moyens.<\/p>\n\n\n\n<p><strong>R\u00c9CLAMATIONS<\/strong><strong><\/strong><\/p>\n\n\n\n<p>Toute r\u00e9clamation devra nous \u00eatre faite par email, dans un d\u00e9lai de 10 jours apr\u00e8s la fin de la manifestation.<\/p>\n\n\n\n<p><strong>CONDITIONS EXCEPTIONNELLES<\/strong><strong><\/strong><\/p>\n\n\n\n<p>Si les circonstances l\u2019exigent, l&rsquo;organisateur se r\u00e9serve le droit de modifier \u00e0 tout moment les parcours, les horaires de d\u00e9part, les barri\u00e8res horaires, la position des ravitaillements et des postes de secours, et tout autre aspect li\u00e9 au bon d\u00e9roulement des \u00e9preuves.<\/p>\n\n\n\n<p>En cas de force majeure, de conditions climatiques trop d\u00e9favorables ou de toute autre circonstance mettant en danger la s\u00e9curit\u00e9 des concurrents, l\u2019organisation se r\u00e9serve le droit de :<\/p>\n\n\n\n<ul class=\"wp-block-list\">\n<li>diff\u00e9rer le d\u00e9part<\/li>\n\n\n\n<li>modifier les barri\u00e8res horaires<\/li>\n\n\n\n<li>reporter la date de d\u00e9part<\/li>\n\n\n\n<li>adapter l\u2019itin\u00e9raire de l\u2019\u00e9preuve<\/li>\n\n\n\n<li>annuler l\u2019\u00e9preuve<\/li>\n\n\n\n<li>neutraliser l\u2019\u00e9preuve<\/li>\n<\/ul>\n\n\n\n<p><strong>PRESTATIONS COMPL\u00c9MENTAIRES<\/strong><strong><\/strong><\/p>\n\n\n\n<p><strong>ASSURANCE<\/strong><strong><\/strong><\/p>\n\n\n\n<p><strong>Responsabilit\u00e9 civile<\/strong><\/p>\n\n\n\n<p>L&rsquo;organisateur souscrit une assurance responsabilit\u00e9 civile pour la dur\u00e9e de l&rsquo;\u00e9preuve. Cette assurance responsabilit\u00e9 civile garantit les cons\u00e9quences p\u00e9cuniaires de sa responsabilit\u00e9, de celle de ses pr\u00e9pos\u00e9s et des participants.<\/p>\n","protected":false},"excerpt":{"rendered":"<p>Avertissement important Le parcours est NON BALISE et potentiellement LOIN DES ZONES HABIT\u00c9ES. Il est \u00e0 r\u00e9aliser en autonomie entre chaque ravitaillement (environ 15 kms). Afin de progresser en s\u00e9curit\u00e9 les concurrents doivent ma\u00eetriser les techniques de navigation avec carte <a class=\"more-link\" href=\"https:\/\/www.traildelachouette.fr\/index.php\/reglement-lapone-2026\/\">Lire la suite &#8230;<\/a><\/p>\n","protected":false},"author":1,"featured_media":0,"parent":0,"menu_order":0,"comment_status":"closed","ping_status":"closed","template":"","meta":{"footnotes":""},"class_list":["post-2272","page","type-page","status-publish","hentry"],"_links":{"self":[{"href":"https:\/\/www.traildelachouette.fr\/index.php\/wp-json\/wp\/v2\/pages\/2272","targetHints":{"allow":["GET"]}}],"collection":[{"href":"https:\/\/www.traildelachouette.fr\/index.php\/wp-json\/wp\/v2\/pages"}],"about":[{"href":"https:\/\/www.traildelachouette.fr\/index.php\/wp-json\/wp\/v2\/types\/page"}],"author":[{"embeddable":true,"href":"https:\/\/www.traildelachouette.fr\/index.php\/wp-json\/wp\/v2\/users\/1"}],"replies":[{"embeddable":true,"href":"https:\/\/www.traildelachouette.fr\/index.php\/wp-json\/wp\/v2\/comments?post=2272"}],"version-history":[{"count":3,"href":"https:\/\/www.traildelachouette.fr\/index.php\/wp-json\/wp\/v2\/pages\/2272\/revisions"}],"predecessor-version":[{"id":2279,"href":"https:\/\/www.traildelachouette.fr\/index.php\/wp-json\/wp\/v2\/pages\/2272\/revisions\/2279"}],"wp:attachment":[{"href":"https:\/\/www.traildelachouette.fr\/index.php\/wp-json\/wp\/v2\/media?parent=2272"}],"curies":[{"name":"wp","href":"https:\/\/api.w.org\/{rel}","templated":true}]}}