{"id":2073,"date":"2025-04-27T14:56:16","date_gmt":"2025-04-27T13:56:16","guid":{"rendered":"http:\/\/traildelachouette.fr\/?page_id=2073"},"modified":"2025-05-07T09:03:32","modified_gmt":"2025-05-07T08:03:32","slug":"resultats-2025","status":"publish","type":"page","link":"https:\/\/www.traildelachouette.fr\/index.php\/resultats-2025\/","title":{"rendered":"R\u00e9sultats et photos 2025"},"content":{"rendered":"\n<p>Merci \u00e0 tous pour vos sourires et f\u00e9licitations pour vos performances.<\/p>\n\n\n\n<p><a href=\"https:\/\/stats.even-outdoor.com\/resultats\/index.php?m=resultats&amp;a=resultats&amp;id_course=1106\">R\u00e9sultat 2025 Chev\u00eachette<\/a><\/p>\n\n\n\n<p><a href=\"https:\/\/stats.even-outdoor.com\/resultats\/index.php?m=resultats&amp;a=resultats&amp;id_course=1107\">R\u00e9sultat 2025 Epervi\u00e8re<\/a><\/p>\n\n\n\n<p><a href=\"https:\/\/stats.even-outdoor.com\/resultats\/index.php?m=resultats&amp;a=resultats&amp;id_course=1108\">R\u00e9sultat 2025 Hulotte<\/a><\/p>\n\n\n\n<p><a href=\"https:\/\/stats.even-outdoor.com\/resultats\/index.php?m=resultats&amp;a=resultats&amp;id_course=1109\">R\u00e9sultat 2025 Grand-Duc<\/a><\/p>\n\n\n\n<p>Toutes les photos de nos photographes professionnels mises \u00e0 disposition gratuitement<\/p>\n\n\n\n<p>Jos\u00e9 Goulart (<a href=\"https:\/\/www.jg-photographies.fr\/WPTemp\/bienvenue\/boutique\/?gad_source=1&amp;gad_campaignid=15166511263&amp;gbraid=0AAAAAoPSOt1JbH-e43qkNCoFqvI7NH_qQ&amp;gclid=CjwKCAjwiezABhBZEiwAEbTPGJ8c3p8bVycGVwGF9KWAc_EPW3rNV_PETi68r33hZZscfMRDGAXjbBoCx9QQAvD_BwE\">JG Photographies et Impressions<\/a>)<br><a href=\"https:\/\/www.jg-photographies.fr\/WPTemp\/bienvenue\/photographie\/vous-etes\/galeries-privees\/trail-de-la-chouette-2025\/\">Les photos<\/a><\/p>\n\n\n\n<p>Laurent Duquesne (<a href=\"https:\/\/www.shooting-dijon.com\">Shooting Dijon<\/a>)<br><a href=\"https:\/\/www.jingoo.com\/client\/key\/632d19\/f351f133\/\">Les photos<\/a><\/p>\n\n\n\n<p>Nicolas Goisque (<a href=\"http:\/\/niko-ngoisque.blogspot.com\">Nikophot<\/a>)<br><a href=\"https:\/\/www.jingoo.com\/client\/key\/631f42\/ffe241be\/\">Les photos<\/a><\/p>\n\n\n\n<p><\/p>\n\n\n\n<p><\/p>\n","protected":false},"excerpt":{"rendered":"<p>Merci \u00e0 tous pour vos sourires et f\u00e9licitations pour vos performances. R\u00e9sultat 2025 Chev\u00eachette R\u00e9sultat 2025 Epervi\u00e8re R\u00e9sultat 2025 Hulotte R\u00e9sultat 2025 Grand-Duc Toutes les photos de nos photographes professionnels mises \u00e0 disposition gratuitement Jos\u00e9 Goulart (JG Photographies et Impressions)Les <a class=\"more-link\" href=\"https:\/\/www.traildelachouette.fr\/index.php\/resultats-2025\/\">Lire la suite &#8230;<\/a><\/p>\n","protected":false},"author":1,"featured_media":0,"parent":0,"menu_order":0,"comment_status":"closed","ping_status":"closed","template":"","meta":{"footnotes":""},"class_list":["post-2073","page","type-page","status-publish","hentry"],"_links":{"self":[{"href":"https:\/\/www.traildelachouette.fr\/index.php\/wp-json\/wp\/v2\/pages\/2073","targetHints":{"allow":["GET"]}}],"collection":[{"href":"https:\/\/www.traildelachouette.fr\/index.php\/wp-json\/wp\/v2\/pages"}],"about":[{"href":"https:\/\/www.traildelachouette.fr\/index.php\/wp-json\/wp\/v2\/types\/page"}],"author":[{"embeddable":true,"href":"https:\/\/www.traildelachouette.fr\/index.php\/wp-json\/wp\/v2\/users\/1"}],"replies":[{"embeddable":true,"href":"https:\/\/www.traildelachouette.fr\/index.php\/wp-json\/wp\/v2\/comments?post=2073"}],"version-history":[{"count":3,"href":"https:\/\/www.traildelachouette.fr\/index.php\/wp-json\/wp\/v2\/pages\/2073\/revisions"}],"predecessor-version":[{"id":2087,"href":"https:\/\/www.traildelachouette.fr\/index.php\/wp-json\/wp\/v2\/pages\/2073\/revisions\/2087"}],"wp:attachment":[{"href":"https:\/\/www.traildelachouette.fr\/index.php\/wp-json\/wp\/v2\/media?parent=2073"}],"curies":[{"name":"wp","href":"https:\/\/api.w.org\/{rel}","templated":true}]}}