{"id":1863,"date":"2025-02-20T10:22:59","date_gmt":"2025-02-20T09:22:59","guid":{"rendered":"http:\/\/traildelachouette.fr\/?page_id=1863"},"modified":"2025-02-20T10:32:28","modified_gmt":"2025-02-20T09:32:28","slug":"dijon-notre-ville","status":"publish","type":"page","link":"https:\/\/www.traildelachouette.fr\/index.php\/dijon-notre-ville\/","title":{"rendered":"Dijon notre ville"},"content":{"rendered":"\n<figure class=\"wp-block-gallery has-nested-images columns-default is-cropped wp-block-gallery-1 is-layout-flex wp-block-gallery-is-layout-flex\">\n<figure class=\"wp-block-image size-large\"><a href=\"http:\/\/traildelachouette.fr\/wp-content\/uploads\/2025\/02\/dijon-bourgogne-invest-ambassadeurs-noemie-lacarelle-139.jpg\"><img loading=\"lazy\" decoding=\"async\" width=\"1024\" height=\"683\" data-id=\"1868\" src=\"http:\/\/traildelachouette.fr\/wp-content\/uploads\/2025\/02\/dijon-bourgogne-invest-ambassadeurs-noemie-lacarelle-139-1024x683.jpg\" alt=\"\" class=\"wp-image-1868\" srcset=\"https:\/\/www.traildelachouette.fr\/wp-content\/uploads\/2025\/02\/dijon-bourgogne-invest-ambassadeurs-noemie-lacarelle-139-1024x683.jpg 1024w, https:\/\/www.traildelachouette.fr\/wp-content\/uploads\/2025\/02\/dijon-bourgogne-invest-ambassadeurs-noemie-lacarelle-139-300x200.jpg 300w, https:\/\/www.traildelachouette.fr\/wp-content\/uploads\/2025\/02\/dijon-bourgogne-invest-ambassadeurs-noemie-lacarelle-139-768x512.jpg 768w, https:\/\/www.traildelachouette.fr\/wp-content\/uploads\/2025\/02\/dijon-bourgogne-invest-ambassadeurs-noemie-lacarelle-139-1536x1024.jpg 1536w, https:\/\/www.traildelachouette.fr\/wp-content\/uploads\/2025\/02\/dijon-bourgogne-invest-ambassadeurs-noemie-lacarelle-139.jpg 1920w\" sizes=\"auto, (max-width: 1024px) 100vw, 1024px\" \/><\/a><\/figure>\n\n\n\n<figure class=\"wp-block-image size-large\"><a href=\"http:\/\/traildelachouette.fr\/wp-content\/uploads\/2025\/02\/Epicurienne-\u00a9-Dijon-Bourgogne-Tourisme-Congres.jpg\"><img loading=\"lazy\" decoding=\"async\" width=\"1024\" height=\"683\" data-id=\"1867\" src=\"http:\/\/traildelachouette.fr\/wp-content\/uploads\/2025\/02\/Epicurienne-\u00a9-Dijon-Bourgogne-Tourisme-Congres-1024x683.jpg\" alt=\"\" class=\"wp-image-1867\" srcset=\"https:\/\/www.traildelachouette.fr\/wp-content\/uploads\/2025\/02\/Epicurienne-\u00a9-Dijon-Bourgogne-Tourisme-Congres-1024x683.jpg 1024w, https:\/\/www.traildelachouette.fr\/wp-content\/uploads\/2025\/02\/Epicurienne-\u00a9-Dijon-Bourgogne-Tourisme-Congres-300x200.jpg 300w, https:\/\/www.traildelachouette.fr\/wp-content\/uploads\/2025\/02\/Epicurienne-\u00a9-Dijon-Bourgogne-Tourisme-Congres-768x512.jpg 768w, https:\/\/www.traildelachouette.fr\/wp-content\/uploads\/2025\/02\/Epicurienne-\u00a9-Dijon-Bourgogne-Tourisme-Congres-1536x1024.jpg 1536w, https:\/\/www.traildelachouette.fr\/wp-content\/uploads\/2025\/02\/Epicurienne-\u00a9-Dijon-Bourgogne-Tourisme-Congres.jpg 1920w\" sizes=\"auto, (max-width: 1024px) 100vw, 1024px\" \/><\/a><\/figure>\n<\/figure>\n\n\n\n<p><strong>Dijon, entre histoire et nature pr\u00e9serv\u00e9e<\/strong><\/p>\n\n\n\n<p>Capitale de la Bourgogne, Dijon est une ville o\u00f9 l\u2019histoire et la nature se rencontrent harmonieusement. Ville au riche patrimoine, Dijon s\u00e9duit par ses ruelles m\u00e9di\u00e9vales, ses h\u00f4tels particuliers et sa c\u00e9l\u00e8bre moutarde, symbole de la gastronomie locale. Mais ce qui fait v\u00e9ritablement son charme, c&rsquo;est la beaut\u00e9 de ses alentours, o\u00f9 se d\u00e9ploie une nature g\u00e9n\u00e9reuse et pr\u00e9serv\u00e9e.<\/p>\n\n\n\n<p>\u00c0 seulement quelques kilom\u00e8tres du centre-ville, le site de la Combe \u00e0 la Serpent vous offre un v\u00e9ritable \u00e9crin de verdure. Cet endroit unique, avec ses for\u00eats luxuriantes, ses sentiers sinueux et ses panoramas exceptionnels, est le lieu id\u00e9al pour les amoureux de la randonn\u00e9e et du trail. Vous y d\u00e9couvrirez des paysages \u00e9poustouflants, o\u00f9 les collines et les sous-bois se m\u00ealent \u00e0 une faune et une flore sauvages, parfaits pour s&rsquo;\u00e9vader et se ressourcer.<\/p>\n\n\n\n<p>Dijon, c\u2019est ainsi une ville o\u00f9 il fait bon vivre, alliant dynamisme urbain et tr\u00e9sors naturels, pour le plus grand plaisir des amateurs de sport, de nature et de d\u00e9couvertes.<\/p>\n\n\n\n<p><strong>Le parc naturel de la combe \u00e0 la serpent<\/strong><\/p>\n\n\n\n<p>Au X\u00e8me si\u00e8cle, le site de la combe \u00e0 la serpent, alors couvert de for\u00eat \u00e9tait, selon la l\u00e9gende, hant\u00e9 par une \u00ab\u00a0vouivre\u00a0\u00bb (femme serpent) vivant au creux des rochers et se baignant dans la Fontaine d\u2019Ouche \u2026 Plus prosa\u00efquement, on peut penser que le lieu aurait abrit\u00e9, pendant un temps, de nombreux serpents.<\/p>\n\n\n\n<p>Au cours du Moyen-\u00e2ge, les moines d\u00e9frich\u00e8rent certaines parties de la combe et plant\u00e8rent de la vigne en terrasses. L\u2019exploitation se poursuivit jusqu\u2019au d\u00e9but du XX\u00e8me si\u00e8cle. Des prairies pour moutons, des vergers, ainsi que des plantations de r\u00e9sineux la remplac\u00e8rent ensuite.<\/p>\n\n\n\n<p>Pendant les d\u00e9cennies suivantes et par manque d\u2019entretien, le taillis se substitua progressivement aux p\u00e2turages et les dijonnais prirent l\u2019habitude de venir randonner le dimanche, \u00e0 la belle saison, dans ce site redevenu sauvage.<\/p>\n\n\n\n<p>En 1962, la Combe fut int\u00e9gr\u00e9e dans les \u00e9tudes de la future \u00ab&nbsp;ZUP&nbsp;\u00bb de Dijon\/Lac afin de d\u00e9finit le p\u00e9rim\u00e8tre de la zone naturelle \u00e0 pr\u00e9server et d\u2019engager les premi\u00e8res acquisitions de terrains.<\/p>\n\n\n\n<p>Dix ans plus tard, le Parc naturel de la Combe \u00e0 la Serpent fut officiellement cr\u00e9\u00e9 et les premiers travaux d\u00e9but\u00e8rent en 1974, par la cr\u00e9ation de la zone sportive proche du quartier de la Fontaine d\u2019Ouche. Parall\u00e8lement \u00e0 ces travaux, les derniers achats de parcelles permirent une totale ma\u00eetrise fonci\u00e8re du site.<\/p>\n\n\n\n<p>D\u2019ann\u00e9es en ann\u00e9es, la Ville de Dijon poursuivra l\u2019am\u00e9nagement du parc en cr\u00e9ant plus de 28 km de chemins ou sentiers de randonn\u00e9e, des zones de pique-nique et de jeux, avec un constant souci de mise en valeur du site et de pr\u00e9servation des \u00e9quilibres \u00e9cologiques.<\/p>\n\n\n\n<p>V\u00e9ritable poumon vert de l\u2019agglom\u00e9ration dijonnaise, ce parc de 333 hectares contribue largement \u00e0 la qualit\u00e9 de vie des dijonnais.<\/p>\n","protected":false},"excerpt":{"rendered":"<p>Dijon, entre histoire et nature pr\u00e9serv\u00e9e Capitale de la Bourgogne, Dijon est une ville o\u00f9 l\u2019histoire et la nature se rencontrent harmonieusement. Ville au riche patrimoine, Dijon s\u00e9duit par ses ruelles m\u00e9di\u00e9vales, ses h\u00f4tels particuliers et sa c\u00e9l\u00e8bre moutarde, symbole <a class=\"more-link\" href=\"https:\/\/www.traildelachouette.fr\/index.php\/dijon-notre-ville\/\">Lire la suite &#8230;<\/a><\/p>\n","protected":false},"author":1,"featured_media":0,"parent":0,"menu_order":0,"comment_status":"closed","ping_status":"closed","template":"","meta":{"footnotes":""},"class_list":["post-1863","page","type-page","status-publish","hentry"],"_links":{"self":[{"href":"https:\/\/www.traildelachouette.fr\/index.php\/wp-json\/wp\/v2\/pages\/1863","targetHints":{"allow":["GET"]}}],"collection":[{"href":"https:\/\/www.traildelachouette.fr\/index.php\/wp-json\/wp\/v2\/pages"}],"about":[{"href":"https:\/\/www.traildelachouette.fr\/index.php\/wp-json\/wp\/v2\/types\/page"}],"author":[{"embeddable":true,"href":"https:\/\/www.traildelachouette.fr\/index.php\/wp-json\/wp\/v2\/users\/1"}],"replies":[{"embeddable":true,"href":"https:\/\/www.traildelachouette.fr\/index.php\/wp-json\/wp\/v2\/comments?post=1863"}],"version-history":[{"count":3,"href":"https:\/\/www.traildelachouette.fr\/index.php\/wp-json\/wp\/v2\/pages\/1863\/revisions"}],"predecessor-version":[{"id":1871,"href":"https:\/\/www.traildelachouette.fr\/index.php\/wp-json\/wp\/v2\/pages\/1863\/revisions\/1871"}],"wp:attachment":[{"href":"https:\/\/www.traildelachouette.fr\/index.php\/wp-json\/wp\/v2\/media?parent=1863"}],"curies":[{"name":"wp","href":"https:\/\/api.w.org\/{rel}","templated":true}]}}