{"id":1808,"date":"2025-01-05T16:35:35","date_gmt":"2025-01-05T15:35:35","guid":{"rendered":"http:\/\/traildelachouette.fr\/?page_id=1808"},"modified":"2025-11-01T17:18:46","modified_gmt":"2025-11-01T16:18:46","slug":"dossier-de-presse-sponsors","status":"publish","type":"page","link":"https:\/\/www.traildelachouette.fr\/index.php\/dossier-de-presse-sponsors\/","title":{"rendered":"Dossier de presse \/ sponsors"},"content":{"rendered":"\n<p>Vous souhaitez nous aider ou accompagner notre \u00e9v\u00e9nement tout en mettant en avant votre entreprise ou vous souhaitez tout simplement en savoir plus sur notre \u00e9thique.<\/p>\n\n\n\n<p><a href=\"https:\/\/www.traildelachouette.fr\/wp-content\/uploads\/2025\/11\/Presentation-TDC-2026-mecenat.pdf\" target=\"_blank\" rel=\"noreferrer noopener\">Dossier de pr\u00e9sentation du Trail de la Chouette 2026<\/a><\/p>\n\n\n\n<p>A la lecture de ce dossier , vous avez la moindre interrogation ou envie de nous accompagner, il suffit de remplir ce formulaire et nous vous recontactons au plus vite.<\/p>\n\n\n<style id=\"wpforms-css-vars-2148-block-0934fc75-00e1-4018-993e-60a4cae79cff\">\n\t\t\t\t#wpforms-2148.wpforms-block-0934fc75-00e1-4018-993e-60a4cae79cff {\n\t\t\t\t--wpforms-label-color: #4f4342;\n--wpforms-label-sublabel-color: rgba(0, 0, 0, 0.55);\n--wpforms-field-border-color: rgba(0, 0, 0, 0.25);\n--wpforms-field-border-color-spare: rgba(0, 0, 0, 0.25);\n--wpforms-field-text-color: #bd9b9b;\n--wpforms-field-size-input-height: 43px;\n--wpforms-field-size-input-spacing: 15px;\n--wpforms-field-size-font-size: 16px;\n--wpforms-field-size-line-height: 19px;\n--wpforms-field-size-padding-h: 14px;\n--wpforms-field-size-checkbox-size: 16px;\n--wpforms-field-size-sublabel-spacing: 5px;\n--wpforms-field-size-icon-size: 1;\n--wpforms-label-size-font-size: 16px;\n--wpforms-label-size-line-height: 19px;\n--wpforms-label-size-sublabel-font-size: 14px;\n--wpforms-label-size-sublabel-line-height: 17px;\n--wpforms-button-size-font-size: 17px;\n--wpforms-button-size-height: 41px;\n--wpforms-button-size-padding-h: 15px;\n--wpforms-button-size-margin-top: 10px;\n\t\t\t}\n\t\t\t<\/style><div class=\"wpforms-container wpforms-container-full wpforms-block wpforms-block-0934fc75-00e1-4018-993e-60a4cae79cff wpforms-render-modern\" id=\"wpforms-2148\"><form id=\"wpforms-form-2148\" class=\"wpforms-validate wpforms-form wpforms-ajax-form\" data-formid=\"2148\" method=\"post\" enctype=\"multipart\/form-data\" action=\"\/index.php\/wp-json\/wp\/v2\/pages\/1808\" data-token=\"38a2445dcd78d4d1f15bbaf39df0bfa1\" data-token-time=\"1776674993\"><noscript class=\"wpforms-error-noscript\">Veuillez activer JavaScript dans votre navigateur pour remplir ce formulaire.<\/noscript><div id=\"wpforms-error-noscript\" style=\"display: none;\">Veuillez activer JavaScript dans votre navigateur pour remplir ce formulaire.<\/div><div class=\"wpforms-field-container\">\t\t<div id=\"wpforms-2148-field_5-container\"\n\t\t\tclass=\"wpforms-field wpforms-field-text\"\n\t\t\tdata-field-type=\"text\"\n\t\t\tdata-field-id=\"5\"\n\t\t\t>\n\t\t\t<label class=\"wpforms-field-label\" for=\"wpforms-2148-field_5\" >T\u00e9l\u00e9phone Email Mon<\/label>\n\t\t\t<input type=\"text\" id=\"wpforms-2148-field_5\" class=\"wpforms-field-medium\" name=\"wpforms[fields][5]\" >\n\t\t<\/div>\n\t\t<div id=\"wpforms-2148-field_1-container\" class=\"wpforms-field wpforms-field-name\" data-field-id=\"1\"><fieldset><legend class=\"wpforms-field-label\">Nom <span class=\"wpforms-required-label\" aria-hidden=\"true\">*<\/span><\/legend><div class=\"wpforms-field-row wpforms-field-medium\"><div class=\"wpforms-field-row-block wpforms-first wpforms-one-half\"><input type=\"text\" id=\"wpforms-2148-field_1\" class=\"wpforms-field-name-first wpforms-field-required\" name=\"wpforms[fields][1][first]\" aria-errormessage=\"wpforms-2148-field_1-error\" required><label for=\"wpforms-2148-field_1\" class=\"wpforms-field-sublabel after\">Pr\u00e9nom<\/label><\/div><div class=\"wpforms-field-row-block wpforms-one-half\"><input type=\"text\" id=\"wpforms-2148-field_1-last\" class=\"wpforms-field-name-last wpforms-field-required\" name=\"wpforms[fields][1][last]\" aria-errormessage=\"wpforms-2148-field_1-last-error\" required><label for=\"wpforms-2148-field_1-last\" class=\"wpforms-field-sublabel after\">Nom<\/label><\/div><\/div><\/fieldset><\/div><div id=\"wpforms-2148-field_2-container\" class=\"wpforms-field wpforms-field-email\" data-field-id=\"2\"><label class=\"wpforms-field-label\" for=\"wpforms-2148-field_2\">Email <span class=\"wpforms-required-label\" aria-hidden=\"true\">*<\/span><\/label><input type=\"email\" id=\"wpforms-2148-field_2\" class=\"wpforms-field-medium wpforms-field-required\" name=\"wpforms[fields][2]\" spellcheck=\"false\" aria-errormessage=\"wpforms-2148-field_2-error\" required><\/div><div id=\"wpforms-2148-field_4-container\" class=\"wpforms-field wpforms-field-text\" data-field-id=\"4\"><label class=\"wpforms-field-label\" for=\"wpforms-2148-field_4\">T\u00e9l\u00e9phone<\/label><input type=\"text\" id=\"wpforms-2148-field_4\" class=\"wpforms-field-medium\" name=\"wpforms[fields][4]\" aria-errormessage=\"wpforms-2148-field_4-error\" ><\/div><div id=\"wpforms-2148-field_3-container\" class=\"wpforms-field wpforms-field-textarea\" data-field-id=\"3\"><label class=\"wpforms-field-label\" for=\"wpforms-2148-field_3\">Mon message<\/label><textarea id=\"wpforms-2148-field_3\" class=\"wpforms-field-medium\" name=\"wpforms[fields][3]\" aria-errormessage=\"wpforms-2148-field_3-error\" ><\/textarea><\/div><script>\n\t\t\t\t( function() {\n\t\t\t\t\tconst style = document.createElement( 'style' );\n\t\t\t\t\tstyle.appendChild( document.createTextNode( '#wpforms-2148-field_5-container { position: absolute !important; overflow: hidden !important; display: inline !important; height: 1px !important; width: 1px !important; z-index: -1000 !important; padding: 0 !important; } #wpforms-2148-field_5-container input { visibility: hidden; } #wpforms-conversational-form-page #wpforms-2148-field_5-container label { counter-increment: none; }' ) );\n\t\t\t\t\tdocument.head.appendChild( style );\n\t\t\t\t\tdocument.currentScript?.remove();\n\t\t\t\t} )();\n\t\t\t<\/script><\/div><!-- .wpforms-field-container --><div class=\"wpforms-submit-container\" ><input type=\"hidden\" name=\"wpforms[id]\" value=\"2148\"><input type=\"hidden\" name=\"page_title\" value=\"\"><input type=\"hidden\" name=\"page_url\" value=\"https:\/\/www.traildelachouette.fr\/index.php\/wp-json\/wp\/v2\/pages\/1808\"><input type=\"hidden\" name=\"url_referer\" value=\"\"><button type=\"submit\" name=\"wpforms[submit]\" id=\"wpforms-submit-2148\" class=\"wpforms-submit\" data-alt-text=\"Envoi...\" data-submit-text=\"Envoi\" aria-live=\"assertive\" value=\"wpforms-submit\">Envoi<\/button><img loading=\"lazy\" decoding=\"async\" src=\"https:\/\/www.traildelachouette.fr\/wp-content\/plugins\/wpforms-lite\/assets\/images\/submit-spin.svg\" class=\"wpforms-submit-spinner\" style=\"display: none;\" width=\"26\" height=\"26\" alt=\"Chargement en cours\"><\/div><\/form><\/div>  <!-- .wpforms-container -->","protected":false},"excerpt":{"rendered":"<p>Vous souhaitez nous aider ou accompagner notre \u00e9v\u00e9nement tout en mettant en avant votre entreprise ou vous souhaitez tout simplement en savoir plus sur notre \u00e9thique. Dossier de pr\u00e9sentation du Trail de la Chouette 2026 A la lecture de ce <a class=\"more-link\" href=\"https:\/\/www.traildelachouette.fr\/index.php\/dossier-de-presse-sponsors\/\">Lire la suite &#8230;<\/a><\/p>\n","protected":false},"author":1,"featured_media":0,"parent":0,"menu_order":0,"comment_status":"closed","ping_status":"closed","template":"","meta":{"footnotes":""},"class_list":["post-1808","page","type-page","status-publish","hentry"],"_links":{"self":[{"href":"https:\/\/www.traildelachouette.fr\/index.php\/wp-json\/wp\/v2\/pages\/1808","targetHints":{"allow":["GET"]}}],"collection":[{"href":"https:\/\/www.traildelachouette.fr\/index.php\/wp-json\/wp\/v2\/pages"}],"about":[{"href":"https:\/\/www.traildelachouette.fr\/index.php\/wp-json\/wp\/v2\/types\/page"}],"author":[{"embeddable":true,"href":"https:\/\/www.traildelachouette.fr\/index.php\/wp-json\/wp\/v2\/users\/1"}],"replies":[{"embeddable":true,"href":"https:\/\/www.traildelachouette.fr\/index.php\/wp-json\/wp\/v2\/comments?post=1808"}],"version-history":[{"count":11,"href":"https:\/\/www.traildelachouette.fr\/index.php\/wp-json\/wp\/v2\/pages\/1808\/revisions"}],"predecessor-version":[{"id":2200,"href":"https:\/\/www.traildelachouette.fr\/index.php\/wp-json\/wp\/v2\/pages\/1808\/revisions\/2200"}],"wp:attachment":[{"href":"https:\/\/www.traildelachouette.fr\/index.php\/wp-json\/wp\/v2\/media?parent=1808"}],"curies":[{"name":"wp","href":"https:\/\/api.w.org\/{rel}","templated":true}]}}