{"id":18,"date":"2015-08-01T17:08:26","date_gmt":"2015-08-01T16:08:26","guid":{"rendered":"http:\/\/traildelachouette.fr\/?page_id=18"},"modified":"2025-11-03T18:49:55","modified_gmt":"2025-11-03T17:49:55","slug":"reglement","status":"publish","type":"page","link":"https:\/\/www.traildelachouette.fr\/index.php\/reglement\/","title":{"rendered":"R\u00e8glement"},"content":{"rendered":"\n<p><strong><u>TRAIL de la Chouette&nbsp; 2026 &nbsp; &nbsp; \u2013 &nbsp; &nbsp;&nbsp;REGLEMENT<\/u><\/strong><\/p>\n\n\n\n<p>L\u2019inscription au Trail de&nbsp;la Chouette&nbsp;implique la connaissance&nbsp;et le respect du r\u00e8glement ci-dessous.<\/p>\n\n\n\n<p><u>1.<\/u><strong><u>&nbsp;<\/u><\/strong><u>EPREUVE&nbsp;<\/u><\/p>\n\n\n\n<p>\u00ab&nbsp;Le Trail de&nbsp;la Chouette&nbsp;\u00bb \u00e9preuve inscrite au calendrier des courses hors stade, est organis\u00e9e par le club Dijon Triathlon. Il s\u2019agit d\u2019une course \u00e0 pied chronom\u00e9tr\u00e9e, empruntant les chemins de la Combe \u00e0 la Serpent, des communes avoisinantes. Le Trail de&nbsp;la Chouette 2026 propose 4 distances d\u2019environ 13km, 20km, 28km et 42km.<\/p>\n\n\n\n<p>Les lieux de d\u00e9part et\u00a0d\u2019arriv\u00e9e se situent sur le parking des PEP CBFC \u00a0(Rue des Ecayennes,\u00a0les coordonn\u00e9es GPS sont : 47.313365N, 4.988876E).<\/p>\n\n\n\n<p>Les diff\u00e9rentes courses du Trail de la Chouette se d\u00e9rouleront en une seule \u00e9tape, \u00e0 allure libre.<\/p>\n\n\n\n<p>Les d\u00e9parts des 4 \u00e9preuves seront donn\u00e9s le samedi 25 avril 2026 \u00e0 8h00 &nbsp;pour le 42 km,&nbsp;&nbsp;\u00e0 9h00 pour le 28km, 10h00 pour le 20km et 9h30 pour le 13 km.<\/p>\n\n\n\n<p>Ces horaires de d\u00e9part peuvent \u00eatre am\u00e9nag\u00e9s par la direction de course, les concurrents en seront bien s\u00fbr inform\u00e9s via la newsletter, le site et la page Facebook de l\u2019\u00e9preuve.<\/p>\n\n\n\n<p><u>2.&nbsp;PARTICIPATION &nbsp;<\/u><\/p>\n\n\n\n<p>Le Trail de 13&nbsp;km d\u00e9nomm\u00e9 \u00ab&nbsp;La Chev\u00eachette est ouvert \u00e0 toute personne, homme ou femme,&nbsp;<strong>n\u00e9e en 2008 ou avant <\/strong>(cat\u00e9gories juniors \u00e0 v\u00e9t\u00e9ran), licenci\u00e9e ou non, d\u00e9part \u00e0 9h30 et limit\u00e9 \u00e0 300 concurrents.<\/p>\n\n\n\n<p>Le Trail de 20&nbsp;km d\u00e9nomm\u00e9 \u00ab&nbsp;L&rsquo;\u00e9pervi\u00e8re\u00bb est ouvert \u00e0 toute personne, homme ou femme,&nbsp;<strong>n\u00e9e en 2008 ou avant <\/strong>(cat\u00e9gories juniors \u00e0 v\u00e9t\u00e9ran), licenci\u00e9e ou non, d\u00e9part \u00e0 10h00 et limit\u00e9 \u00e0 250 concurrents.<\/p>\n\n\n\n<p>Le Trail de 28\u00a0km d\u00e9nomm\u00e9 \u00ab\u00a0La Hulotte\u00bb est ouvert \u00e0 toute personne, homme ou femme,\u00a0<strong>n\u00e9e en 2006 ou avant <\/strong>(cat\u00e9gories espoirs \u00e0 v\u00e9t\u00e9ran), licenci\u00e9e ou non, ATTENTION, c&rsquo;est une course exigeante qui n\u00e9cessite une exp\u00e9rience certaine sur les terrains difficiles. D\u00e9part \u00e0 9h00 et limit\u00e9 \u00e0 250 concurrents.<br>Sur ce format, il n&rsquo;y aura pas de barri\u00e8re horaire<\/p>\n\n\n\n<p>Le Trail de 42 km d\u00e9nomm\u00e9 \u00ab\u00a0Le Grand Duc\u00a0\u00bb est ouvert \u00e0 toute personne, homme ou femme,\u00a0<strong>n\u00e9e en 2006 ou avant <\/strong>(cat\u00e9gories espoirs \u00e0 v\u00e9t\u00e9ran), licenci\u00e9e ou non, ATTENTION, c&rsquo;est une course exigeante qui n\u00e9cessite une exp\u00e9rience certaine sur les terrains difficiles et longs. D\u00e9part \u00e0 8h00 et limit\u00e9 \u00e0 200 concurrents.<br>Une barri\u00e8re horaire est fix\u00e9e au Km 17,5 au bout de 3h15 de course, les coureurs seront dirig\u00e9s vers le retour au site de d\u00e9part.<\/p>\n\n\n\n<p>Les courses enfants, sont r\u00e9serv\u00e9es aux 5 \u00e0 10 ans, et partiront juste avant la derni\u00e8re course adultes, soit \u00e0 9h45. Les inscriptions se feront uniquement sur place et seront gratuites, les parents pourront toutefois faire un don qui sera enti\u00e8rement ajout\u00e9 \u00e0 la donation globale pour l&rsquo;association soutenue.<\/p>\n\n\n\n<p><u>3. TRAIL EN SEMI AUTO-SUFFISANCE<\/u><\/p>\n\n\n\n<p>Les diff\u00e9rentes \u00e9preuves du Trail de la Chouette se courent&nbsp;en semi autosuffisance. Sur les points de ravitaillement, il sera possible de proc\u00e9der au remplissage des bidons ou poches \u00e0 eau.<\/p>\n\n\n\n<p>Le principe de semi autosuffisance impose \u00e0 chaque coureur de disposer, de la quantit\u00e9 d\u2019eau et d\u2019aliments qui lui est n\u00e9cessaire pour rallier le point de ravitaillement suivant.<\/p>\n\n\n\n<p>Sur la Chev\u00eachette, il y aura un ravitaillement liquides et solides aux alentours du 8<sup>\u00e8me<\/sup>\u00a0kilom\u00e8tre.<br>Sur l&rsquo;Epervi\u00e8re, deux ravitaillements solide et liquide.<br>Sur la Hulotte deux points de ravitaillement liquides et solides et un point d&rsquo;eau en haut de la grosse difficult\u00e9 finale du parcours<br>Sur Le Grand Duc trois ravitaillements liquides et solides et un point d\u2019eau en haut de la grosse difficult\u00e9 finale du parcours.<\/p>\n\n\n\n<p><strong>Toute forme d\u2019accompagnement est formellement interdite sur la totalit\u00e9 du parcours.<\/strong><strong>&nbsp;<\/strong><\/p>\n\n\n\n<p><u>4.&nbsp;&nbsp;&nbsp;&nbsp;&nbsp;<\/u><strong><u>&nbsp;<\/u><\/strong><u>&nbsp;CERTIFICATS MEDICAUX<\/u><\/p>\n\n\n\n<p>C\u2019est une condition obligatoire pour participer \u00e0 une comp\u00e9tition.Le certificat m\u00e9dical est remplac\u00e9 par le Parcours Pr\u00e9vention Sant\u00e9 (PPS)<br>&nbsp;Le PPS est un dispositif mis en place par la F\u00e9d\u00e9ration Fran\u00e7aise d&rsquo;Athl\u00e9tisme (FFA) et qui a vocation \u00e0 simplifier l&rsquo;inscription des participants aux diff\u00e9rentes courses du calendrier, sans pour autant les soustraire \u00e0 l&rsquo;imp\u00e9ratif de veiller \u00e0 pratiquer leur sport en pleine sant\u00e9. Le principe du PPS permet de mieux responsabiliser le sportif face aux risques de sant\u00e9 li\u00e9s \u00e0 la pratique de l\u2019athl\u00e9tisme, tout en lui permettant une d\u00e9marche plus rapide de prise de dossard.<\/p>\n\n\n\n<p>Dans le cadre de la mise en place des r\u00e8gles de s\u00e9curit\u00e9, l\u2019organisateur s\u2019assurera, au regard de l\u2019article L.231-3 du Code du Sport, que les participants sont :<\/p>\n\n\n\n<ul class=\"wp-block-list\">\n<li>Titulaires d&rsquo;une attestation PPS (Parcours Pr\u00e9vention Sant\u00e9) <br>1. Se rendre sur le site&nbsp;<a href=\"https:\/\/pps.athle.fr\/\" target=\"_blank\" rel=\"noreferrer noopener\">pps.athle.fr<\/a>&nbsp;\u00e0 partir du&nbsp;<strong>27 janvier 2026<\/strong>&nbsp;(Date de validit\u00e9 du PPS de 3 mois)<br>2. Renseigner la date de l&rsquo;\u00e9v\u00e9nement et ses informations<br>3. Suivre les diff\u00e9rentes \u00e9tapes vou\u00e9es \u00e0 vous sensibiliser aux risques, pr\u00e9cautions et recommandations li\u00e9s \u00e0 la pratique de la course \u00e0 pied, via du contenu p\u00e9dagogique<br>4. T\u00e9l\u00e9charger votre attestation et ajouter votre num\u00e9ro PPS \u00e0 votre inscription Even-Outdoor (lors de votre inscription ou ult\u00e9rieurement).<\/li>\n\n\n\n<li>ou titulaires d\u2019une Licence Athl\u00e9tisme Comp\u00e9tition, d\u2019une Licence Athl\u00e9tisme Entreprise, d\u2019une Licence Athl\u00e9tisme Running (Sant\u00e9 Loisirs option \u00ab Running \u00bb) ou d\u2019un Pass\u2019 Running 2025-2026 d\u00e9livr\u00e9s par la F\u00e9d\u00e9ration Fran\u00e7aise d\u2019Athl\u00e9tisme.<\/li>\n<\/ul>\n\n\n\n<p><strong>La validit\u00e9 de la licence ou du PPS s\u2019entend le jour de la manifestation.<\/strong><\/p>\n\n\n\n<p><strong>ATTENTION<\/strong><strong>&nbsp;<\/strong>: La responsabilit\u00e9 des organisateurs \u00e9tant directement engag\u00e9e, aucune inscription ne sera enregistr\u00e9e si la preuve n\u2019est pas faite de l\u2019existence du PPS par sa pr\u00e9sentation directe ou la pr\u00e9sentation d\u2019une licence accept\u00e9e par la FFA.<\/p>\n\n\n\n<p><u>5.&nbsp;&nbsp;&nbsp;&nbsp;&nbsp;<\/u><u>&nbsp;<\/u><u>CONDITIONS D\u2019INSCRIPTION<\/u><\/p>\n\n\n\n<p>Le montant de l\u2019inscription est fix\u00e9 \u00e0 :<\/p>\n\n\n\n<ul class=\"wp-block-list\">\n<li><span style=\"font-size: 1rem;\">16 \u20ac pour la chev\u00eachette (21 \u20ac apr\u00e8s le 28 mars 2026),<\/span><\/li>\n\n\n\n<li>23 \u20ac pour l&rsquo;\u00e9pervi\u00e8re (28 \u20ac apr\u00e8s le 28 mars 2026),<\/li>\n\n\n\n<li>25 \u20ac pour la Hulotte (30 \u20ac apr\u00e8s le 28 mars 2026),<\/li>\n\n\n\n<li>32\u20ac pour le Grand Duc (37 \u20ac apr\u00e8s le 28 mars 2026)<\/li>\n<\/ul>\n\n\n\n<p>Les inscriptions se font&nbsp;\u00e0 partir du site Internet du Trail de&nbsp;la Chouette avec paiement en ligne \u00e0 partir d\u2019une plate-forme bancaire s\u00e9curis\u00e9e vous permettant de transmettre la photocopie de licence ou votre PPS.<\/p>\n\n\n\n<p>La date limite d\u2019envoi des PPS est fix\u00e9e au 23 avril&nbsp;2026.&nbsp;Pass\u00e9 ce d\u00e9lai, ils devront \u00eatre apport\u00e9s au retrait du dossard..<\/p>\n\n\n\n<p><strong>Mode de paiement : par carte bancaire sur le site internet.<\/strong><br>Tout engagement est personnel, ferme et d\u00e9finitif. Il ne peut faire l\u2019objet d\u2019un remboursement pour quelque motif que ce soit.<br>Aucun transfert d\u2019inscription n\u2019est autoris\u00e9 pour quelque motif que ce soit. Toute personne r\u00e9troc\u00e9dant son dossard \u00e0 une tierce personne, sera reconnue responsable en cas d\u2019accident survenu ou provoqu\u00e9 par cette derni\u00e8re durant l\u2019\u00e9preuve. Toute personne disposant d\u2019un dossard acquis en infraction avec le pr\u00e9sent r\u00e8glement pourra \u00eatre disqualifi\u00e9e. Le dossard devra \u00eatre enti\u00e8rement lisible lors de la course. L\u2019organisation d\u00e9cline toute responsabilit\u00e9 en cas d\u2019accident face \u00e0 ce type de situation.<\/p>\n\n\n\n<p>La signature parentale pour les mineurs est obligatoire pour leur participation \u00e0 la course du 13 km.<\/p>\n\n\n\n<p>Les inscriptions en ligne seront closes au plus tard au 22 avril\u00a02026. La liste des inscrits sera consultable sur le site internet de la course.<br>Pas d\u2019inscription possible sur place.<\/p>\n\n\n\n<p style=\"text-decoration:underline\">6.&nbsp;&nbsp;&nbsp;&nbsp;&nbsp;<strong>&nbsp;<\/strong>ASSURANCE ANNULATION ET POLITIQUE DE REMBOURSEMENT<\/p>\n\n\n\n<p>Pour l&rsquo;\u00e9dition 2026 et les suivantes, une\u00a0<strong>assurance annulation facultative<\/strong>\u00a0est propos\u00e9e lors de l\u2019inscription via notre partenaire\u00a0<strong>Assur Connect<\/strong>. Cette assurance, d\u2019un co\u00fbt de\u00a0<strong>12 % du montant de l&rsquo;inscription<\/strong>, permet aux coureurs de se faire rembourser selon les conditions pr\u00e9vues par l\u2019assureur en cas d\u2019impr\u00e9vu (maladie, accident, etc.).<\/p>\n\n\n\n<p><strong>En cons\u00e9quence, l&rsquo;organisation ne proc\u00e9dera \u00e0 aucun remboursement, quelle qu\u2019en soit la raison<\/strong>, en dehors du cadre pr\u00e9vu par cette assurance optionnelle. Il appartient donc \u00e0 chaque participant de souscrire ou non cette assurance lors de son inscription.<\/p>\n\n\n\n<p>Toutes les modifications et\/ou remplacements seront impossibles apr\u00e8s le<strong> 15 avril 2026 \u00e0 minuit<\/strong>, toutes les demandes ult\u00e9rieures \u00e0 cette date ne seront donc pas prises en compte.<\/p>\n\n\n\n<p><u>7.&nbsp;&nbsp;&nbsp;&nbsp;&nbsp;<\/u><strong><u>&nbsp;<\/u><\/strong><u>EQUIPEMENT&nbsp;DES COUREURS<\/u><\/p>\n\n\n\n<p><strong>Sur la Chev\u00eachette<\/strong>, l\u2019\u00e9quipement suivant est fortement pr\u00e9conis\u00e9 :<br>1 sac \u00e0 dos avec une r\u00e9serve d&rsquo;eau de 1l minimum, 1 gobelet personnel\u00a0 ou bidon, 1 pi\u00e8ce d\u2019identit\u00e9,  1 t\u00e9l\u00e9phone portable.<\/p>\n\n\n\n<p><strong>Sur le Grand Duc, l&rsquo;\u00e9pervi\u00e8re, la Hulotte et la Lapone<\/strong>, chaque coureur devra \u00eatre \u00e9quip\u00e9 au minimum&nbsp;de&nbsp;:<\/p>\n\n\n\n<ul class=\"wp-block-list\">\n<li>Une r\u00e9serve d\u2019eau de 1,5 litre minimum<\/li>\n\n\n\n<li>Une couverture de survie<\/li>\n\n\n\n<li>Un t\u00e9l\u00e9phone portable charg\u00e9<\/li>\n<\/ul>\n\n\n\n<p><u>8.&nbsp;&nbsp;&nbsp;&nbsp;&nbsp;<\/u><strong><u>&nbsp;<\/u><\/strong><u>REMISE DES DOSSARDS<\/u><\/p>\n\n\n\n<p>Les dossards seront \u00e0 retirer sur pr\u00e9sentation d\u2019une pi\u00e8ce d\u2019identit\u00e9 le 23 avril 2026 de 14h \u00e0 18h et le 24 avril de 10h \u00e0 19h \u00a0au magasin Terre de Running,  6 Bis Rue du Cap Vert \u00e0 Qu\u00e9tigny ou le 25 avril\u00a0\u00a0de 7h00 \u00e0 9h45 sur le site de d\u00e9part. Le bureau des litiges pourra effectuer des modifications jusqu\u2019\u00e0 9h30.<\/p>\n\n\n\n<p>La participation aux \u00e9preuves n\u00e9cessite le port du dossard fix\u00e9 sur la poitrine par 4 \u00e9pingles.&nbsp;<strong>Le dossard doit \u00eatre port\u00e9 sur la poitrine ou sur le ventre et doit \u00eatre visible en permanence et en totalit\u00e9 pendant toute la course<\/strong><strong>.<\/strong>&nbsp;Il ne devra en aucun cas \u00eatre r\u00e9duit, d\u00e9coup\u00e9, pli\u00e9 sous peine de disqualification. Il doit donc \u00eatre toujours positionn\u00e9 au-dessus de tout v\u00eatement et ne peut en aucun cas \u00eatre fix\u00e9 sur le sac ou une jambe. Le nom et le logo des partenaires ne doivent \u00eatre ni modifi\u00e9s, ni cach\u00e9s.<\/p>\n\n\n\n<p><u>9.&nbsp;&nbsp;&nbsp;&nbsp;&nbsp;<\/u><strong><u>&nbsp;<\/u><\/strong><u>SECURITE du PARCOURS<\/u><\/p>\n\n\n\n<p>Le coureur s\u2019engage \u00e0 n\u2019emprunter que le parcours balis\u00e9. Des signaleurs seront pr\u00e9sents pour assurer la s\u00e9curit\u00e9 aux points sensibles.<br>Sur les parties du parcours empruntant la voie publique, chaque participant devra se conformer au code de la route et ne sera en aucun cas prioritaire sur un v\u00e9hicule.<br>L\u2019organisation se r\u00e9serve le droit de modifier \u00e0 tout moment le parcours.<\/p>\n\n\n\n<p><u>10.&nbsp;&nbsp;&nbsp;&nbsp;&nbsp;<\/u><strong><u>&nbsp;<\/u><\/strong><u>ENVIRONNEMENT<\/u><\/p>\n\n\n\n<p>Une attention particuli\u00e8re \u00e0 la propret\u00e9 des sites et des parcours sera port\u00e9e par l\u2019ensemble des acteurs, coureurs et b\u00e9n\u00e9voles.<br>Les emballages vides (gels, barres, boissons etc.) devront \u00eatre d\u00e9pos\u00e9s dans les poubelles mises \u00e0 disposition sur le site de d\u00e9part, de ravitaillement et d\u2019arriv\u00e9e. Chaque coureur veillera donc \u00e0 conserver ses d\u00e9chets jusqu\u2019au ravitaillement ou jusqu\u2019\u00e0 l\u2019arriv\u00e9e.<\/p>\n\n\n\n<p>Vous ne trouverez pas de gobelets sur les ravitaillements, il est donc n\u00e9cessaire que vous vous \u00e9quipiez du contenant ad\u00e9quat pour vous hydrater sur les lieux de ravitaillement propos\u00e9s.<\/p>\n\n\n\n<p><u>111.&nbsp;<\/u><strong><u>&nbsp;<\/u><\/strong><u>ASSURANCE<\/u><strong><u>&nbsp;<\/u><\/strong><u>&nbsp;<\/u><\/p>\n\n\n\n<p>Responsabilit\u00e9 civile : conform\u00e9ment \u00e0 la loi, les organisateurs ont souscrit une assurance couvrant les cons\u00e9quences de leur responsabilit\u00e9 civile, celles de leurs pr\u00e9pos\u00e9s et de tous les participants aux courses \u00ab TRAIL DE&nbsp;LA CHOUETTE&nbsp;\u00bb.<br>Les licenci\u00e9s b\u00e9n\u00e9ficient des garanties accord\u00e9es par l\u2019assurance li\u00e9e \u00e0 leur licence, il incombe aux autres participants de s\u2019assurer personnellement.<\/p>\n\n\n\n<p><strong>Chaque concurrent doit \u00eatre en possession d\u2019une<\/strong><strong>&nbsp;<\/strong><strong><u>assurance individuelle accident<\/u><\/strong><strong>.<\/strong><\/p>\n\n\n\n<p><u>12.&nbsp;<\/u><u>DROITS A L\u2019IMAGE<\/u><strong><u>&nbsp;<\/u><\/strong><\/p>\n\n\n\n<p>\u00ab J\u2019autorise express\u00e9ment les organisateurs \u00ab Trail de la Chouette \u00bb, ainsi que leurs ayants droit tels que les partenaires et m\u00e9dias, \u00e0 utiliser les images fixes ou audiovisuelles sur lesquelles je pourrais appara\u00eetre, prises \u00e0 l\u2019occasion de ma participation au Trail de la Chouette, sur tous supports y compris les documents promotionnels et\/ou publicitaires, dans le monde entier et pour la dur\u00e9e la plus longue pr\u00e9vue par la loi, les r\u00e8glements, les trait\u00e9s en vigueur, y compris pour les prolongations \u00e9ventuelles qui pourraient \u00eatre apport\u00e9es \u00e0 cette dur\u00e9e \u00bb.<\/p>\n\n\n\n<p><u>13 REGLEMENT GENERAL SUR LA PROTECTION DES DONNEES.<\/u><\/p>\n\n\n\n<p>Conform\u00e9ment \u00e0 la loi sur le RGPD du 25 mai 2018, les d\u00e9tails personnels des concurrents seront utilis\u00e9s dans la base de donn\u00e9es des coureurs, pour les archives, les listes de d\u00e9part et de r\u00e9sultats, le service photo, les diff\u00e9rents journaux, magazines, r\u00e9seaux sociaux, l&rsquo;envoi de newsletters d\u2019information, uniquement trait\u00e9s par la personne responsable au sein de l&rsquo;organisation du Trail de la Chouette. Chaque participant dispose d&rsquo;un droit d&rsquo;acc\u00e8s et de rectification des donn\u00e9es personnelles le concernant.<\/p>\n\n\n\n<p><u>14.&nbsp;<\/u><strong><u>&nbsp;<\/u><\/strong><u>ANNULATION COURSE<\/u><\/p>\n\n\n\n<p>En cas de force majeure, d\u2019\u00e9v\u00e9nement climatique, de catastrophe naturelle ou de toute autre circonstance mettant en danger la s\u00e9curit\u00e9 des concurrents, l\u2019organisation se r\u00e9serve le droit de modifier le circuit ou d\u2019annuler l\u2019\u00e9preuve sans que les concurrents puissent pr\u00e9tendre \u00e0 un quelconque remboursement.<\/p>\n\n\n\n<p><u>15.&nbsp;<\/u><strong><u>&nbsp;<\/u><\/strong><u>RECOMPENSES<\/u><\/p>\n\n\n\n<p>Pour le Grand Duc , la Chev\u00eachette, l&rsquo;Epervi\u00e8re et la Hulotte, l\u2019organisation remettra des lots aux 3 premiers et 3 premi\u00e8res de chacune des quatre courses.<br>Des r\u00e9compenses seront \u00e9galement remises aux premiers des diff\u00e9rentes cat\u00e9gories (juniors \u00e0 M8)<\/p>\n\n\n\n<p><u>16.&nbsp;<\/u><strong><u>&nbsp;<\/u><\/strong><u>ENGAGEMENT CONTRACTUEL<\/u><\/p>\n\n\n\n<p>L\u2019inscription d\u2019un(e) participant(e) atteste qu\u2019il a pris connaissance de ce r\u00e8glement 2026 et qu\u2019il s\u2019engage \u00e0 en respecter sans restriction l\u2019ensemble des dispositions.<\/p>\n\n\n\n<p><u>17.&nbsp;<\/u><strong><u>&nbsp;<\/u><\/strong><u>REGLES SANITAIRES LIEES A LA CRISE SANITAIRE COVID19<\/u><\/p>\n\n\n\n<p>A ce jour, le d\u00e9cret n\u00b0 2021-699 du 1er juin 2021 (modifi\u00e9) prescrit les mesures g\u00e9n\u00e9rales n\u00e9cessaires \u00e0 la gestion de la sortie de crise sanitaire. Il appartient \u00e0 chaque utilisateur du domaine public mis \u00e0 disposition d\u2019en respecter les dispositions, informer et garantir le respect des mesures barri\u00e8res en vigueur.<\/p>\n\n\n\n<p>&nbsp;<\/p>\n\n\n\n<p>&nbsp;<\/p>\n","protected":false},"excerpt":{"rendered":"<p>TRAIL de la Chouette&nbsp; 2026 &nbsp; &nbsp; \u2013 &nbsp; &nbsp;&nbsp;REGLEMENT L\u2019inscription au Trail de&nbsp;la Chouette&nbsp;implique la connaissance&nbsp;et le respect du r\u00e8glement ci-dessous. 1.&nbsp;EPREUVE&nbsp; \u00ab&nbsp;Le Trail de&nbsp;la Chouette&nbsp;\u00bb \u00e9preuve inscrite au calendrier des courses hors stade, est organis\u00e9e par le club <a class=\"more-link\" href=\"https:\/\/www.traildelachouette.fr\/index.php\/reglement\/\">Lire la suite &#8230;<\/a><\/p>\n","protected":false},"author":1,"featured_media":0,"parent":0,"menu_order":0,"comment_status":"closed","ping_status":"closed","template":"","meta":{"footnotes":""},"class_list":["post-18","page","type-page","status-publish","hentry"],"_links":{"self":[{"href":"https:\/\/www.traildelachouette.fr\/index.php\/wp-json\/wp\/v2\/pages\/18","targetHints":{"allow":["GET"]}}],"collection":[{"href":"https:\/\/www.traildelachouette.fr\/index.php\/wp-json\/wp\/v2\/pages"}],"about":[{"href":"https:\/\/www.traildelachouette.fr\/index.php\/wp-json\/wp\/v2\/types\/page"}],"author":[{"embeddable":true,"href":"https:\/\/www.traildelachouette.fr\/index.php\/wp-json\/wp\/v2\/users\/1"}],"replies":[{"embeddable":true,"href":"https:\/\/www.traildelachouette.fr\/index.php\/wp-json\/wp\/v2\/comments?post=18"}],"version-history":[{"count":53,"href":"https:\/\/www.traildelachouette.fr\/index.php\/wp-json\/wp\/v2\/pages\/18\/revisions"}],"predecessor-version":[{"id":2227,"href":"https:\/\/www.traildelachouette.fr\/index.php\/wp-json\/wp\/v2\/pages\/18\/revisions\/2227"}],"wp:attachment":[{"href":"https:\/\/www.traildelachouette.fr\/index.php\/wp-json\/wp\/v2\/media?parent=18"}],"curies":[{"name":"wp","href":"https:\/\/api.w.org\/{rel}","templated":true}]}}