{"id":1688,"date":"2024-09-30T09:58:00","date_gmt":"2024-09-30T08:58:00","guid":{"rendered":"http:\/\/traildelachouette.fr\/?page_id=1688"},"modified":"2024-09-30T09:58:07","modified_gmt":"2024-09-30T08:58:07","slug":"edition-2024","status":"publish","type":"page","link":"https:\/\/www.traildelachouette.fr\/index.php\/edition-2024\/","title":{"rendered":"Edition 2024"},"content":{"rendered":"\n<figure class=\"wp-block-image size-full\"><a href=\"http:\/\/traildelachouette.fr\/wp-content\/uploads\/2024\/09\/20240428-Lapone1221-1.jpg\"><img loading=\"lazy\" decoding=\"async\" width=\"800\" height=\"533\" src=\"http:\/\/traildelachouette.fr\/wp-content\/uploads\/2024\/09\/20240428-Lapone1221-1.jpg\" alt=\"\" class=\"wp-image-1689\" srcset=\"https:\/\/www.traildelachouette.fr\/wp-content\/uploads\/2024\/09\/20240428-Lapone1221-1.jpg 800w, https:\/\/www.traildelachouette.fr\/wp-content\/uploads\/2024\/09\/20240428-Lapone1221-1-300x200.jpg 300w, https:\/\/www.traildelachouette.fr\/wp-content\/uploads\/2024\/09\/20240428-Lapone1221-1-768x512.jpg 768w\" sizes=\"auto, (max-width: 800px) 100vw, 800px\" \/><\/a><\/figure>\n\n\n\n<p><a href=\"https:\/\/www.even-outdoor.com\/courses\/index.php?m=courses&amp;a=courses&amp;resultats=1&amp;id_evenement=490\" target=\"_blank\" rel=\"noreferrer noopener\">Les r\u00e9sultats des courses<\/a><\/p>\n\n\n\n<p>Les Photos<\/p>\n\n\n\n<p><a href=\"https:\/\/www.jg-photographies.fr\/WPTemp\/fr_fr\/bienvenue\/photographie\/vous-etes\/galeries-privees\/trail-de-la-chouette-2024\/?fbclid=IwY2xjawFnRBVleHRuA2FlbQIxMAABHeZteDFjJwGXje6jzKGH35mr2iuypl-xfqpcPf2DY4Lw2_9UsaxttFpWmw_aem_gGWTmUhs1WgaFLMwW7MOLA\">S\u00e9rie de Jos\u00e9 Goulart<\/a>  (<a href=\"https:\/\/www.jg-photographies.fr\/WPTemp\/fr_fr\/\" target=\"_blank\" rel=\"noreferrer noopener\">JG Photographies<\/a>)<\/p>\n\n\n\n<p><a rel=\"noreferrer noopener\" href=\"https:\/\/www.jingoo.com\/public\/report\/6209569\/listAlbum\/\" target=\"_blank\">S\u00e9rie de Nicolas Goisque<\/a> (<a href=\"http:\/\/niko-ngoisque.blogspot.com\" target=\"_blank\" rel=\"noreferrer noopener\">NikoPhot<\/a>)<\/p>\n\n\n\n<p><a rel=\"noreferrer noopener\" href=\"https:\/\/l.facebook.com\/l.php?u=https%3A%2F%2Fwww.jingoo.com%2Fclient%2Fkey%2F5ec85f%2Fe2cd2aef%2F%3Ffbclid%3DIwZXh0bgNhZW0CMTAAAR1quvxJ_ADIFCZbCkG5oSnhtiwL7zELF9NAIE4FdEih04jSMWanGU5DFq0_aem_FxBCrhLAchK8sOl7WdKmUA&amp;h=AT1c68LupfT-doLQynTAIw735RcxKpsWsT1W9b57Tq7lK-mnk4aOBdQooHsJzXLgC0dMYd2ZRX7pUtHZQBdUx9oDJRleI4ExKjZp3DhpWsSYYiQ6c9Ane4Kyugq0CQKr3PFtqU6QpY9moBWWaIpkjSQ&amp;__tn__=-UK-y-R&amp;c[0]=AT2cpahsoT6aYIJHSWFhvP6oFtDhkHu-slZMsY1cWpSnGLn3tlZxbW9jV49iHJe3j3cLuo9w-dCxFcd_p451qd9tV4u1TRZcx4Tlj8kQLhw2d-ciaU418PUOpq_SDvwtWzYQxzOH2JjZBXCzFduOImx1nTMI-ZoQpYG6tnjo5yr1f5uYIMIfgdMMHnotQf2PjzqGfqUz-UOjwcVCPpuLEOoGvap7mtESBK-FIz6FKWiCODoEszLj\" target=\"_blank\">S\u00e9rie de Laurent Duquesne<\/a> (<a href=\"https:\/\/www.shooting-dijon.com\" target=\"_blank\" rel=\"noreferrer noopener\">Shooting Dijon<\/a>)<\/p>\n\n\n\n<p><a rel=\"noreferrer noopener\" href=\"https:\/\/photos.google.com\/share\/AF1QipN5D1qsTVxls0HrG15f_i9NKYAXDmOZQpGtGFt_tqrdD6HJZ889k6cBe-I-qHFhwA?key=QlluWWpzTk1wZlQ2eHVBWnY5WFFKbnl5dGdTSUV3\" target=\"_blank\">S\u00e9rie de Nathana\u00eblle LAMBERT<\/a> (<a href=\"https:\/\/www.facebook.com\/natapphot0\" target=\"_blank\" rel=\"noreferrer noopener\">Nath Pics<\/a>)<\/p>\n\n\n\n<p><a rel=\"noreferrer noopener\" href=\"https:\/\/www.bienpublic.com\/sport\/2024\/04\/28\/un-millier-de-traileurs-ont-repondu-a-l-appel-de-la-chouette?fbclid=IwY2xjawFnRd9leHRuA2FlbQIxMQABHd6W09FrLm55qkghlvYcVruUUJM6fqbxgmFxxh9Y6Yu-KuRU7xRwa5O8pA_aem_AW-gzXezN8nzH5tTyDdeMw\" target=\"_blank\">Les photos du journal local <\/a>(Le Bien Public)<\/p>\n\n\n\n<p><\/p>\n\n\n\n<p><\/p>\n","protected":false},"excerpt":{"rendered":"<p>Les r\u00e9sultats des courses Les Photos S\u00e9rie de Jos\u00e9 Goulart (JG Photographies) S\u00e9rie de Nicolas Goisque (NikoPhot) S\u00e9rie de Laurent Duquesne (Shooting Dijon) S\u00e9rie de Nathana\u00eblle LAMBERT (Nath Pics) Les photos du journal local (Le Bien Public)<\/p>\n","protected":false},"author":1,"featured_media":0,"parent":0,"menu_order":0,"comment_status":"closed","ping_status":"closed","template":"","meta":{"footnotes":""},"class_list":["post-1688","page","type-page","status-publish","hentry"],"_links":{"self":[{"href":"https:\/\/www.traildelachouette.fr\/index.php\/wp-json\/wp\/v2\/pages\/1688","targetHints":{"allow":["GET"]}}],"collection":[{"href":"https:\/\/www.traildelachouette.fr\/index.php\/wp-json\/wp\/v2\/pages"}],"about":[{"href":"https:\/\/www.traildelachouette.fr\/index.php\/wp-json\/wp\/v2\/types\/page"}],"author":[{"embeddable":true,"href":"https:\/\/www.traildelachouette.fr\/index.php\/wp-json\/wp\/v2\/users\/1"}],"replies":[{"embeddable":true,"href":"https:\/\/www.traildelachouette.fr\/index.php\/wp-json\/wp\/v2\/comments?post=1688"}],"version-history":[{"count":1,"href":"https:\/\/www.traildelachouette.fr\/index.php\/wp-json\/wp\/v2\/pages\/1688\/revisions"}],"predecessor-version":[{"id":1692,"href":"https:\/\/www.traildelachouette.fr\/index.php\/wp-json\/wp\/v2\/pages\/1688\/revisions\/1692"}],"wp:attachment":[{"href":"https:\/\/www.traildelachouette.fr\/index.php\/wp-json\/wp\/v2\/media?parent=1688"}],"curies":[{"name":"wp","href":"https:\/\/api.w.org\/{rel}","templated":true}]}}