{"id":1379,"date":"2023-11-04T20:43:15","date_gmt":"2023-11-04T19:43:15","guid":{"rendered":"http:\/\/traildelachouette.fr\/?page_id=1379"},"modified":"2026-04-16T15:15:21","modified_gmt":"2026-04-16T14:15:21","slug":"leperviere","status":"publish","type":"page","link":"https:\/\/www.traildelachouette.fr\/index.php\/leperviere\/","title":{"rendered":"L&rsquo;Epervi\u00e8re"},"content":{"rendered":"\n<p id=\"block-339bfebc-b099-45e7-8375-56a41824ae59\"><br>Vous ferez un parcours vari\u00e9 avec de beaux points de vue exclusivement dans le parc naturel de la combe \u00e0  la serpent. Vous n&rsquo;aurez donc que 500 m\u00e8tres de d\u00e9nivel\u00e9e, pas trop technique mais toujours en grande majorit\u00e9 sur des sentiers joueurs, c&rsquo;est la course id\u00e9ale pour d\u00e9couvrir une moyenne distance accessible \u00e0 tous..<br>Attention nous limitons cette course \u00e0 250 participants.<br><br>Le d\u00e9part sera donn\u00e9 \u00e0 10H00, c&rsquo;est la derni\u00e8re course \u00e0 partir, alors ne trainez pas trop vous risquez d&rsquo;avoir \u00e0 vous garer assez loin du site de d\u00e9part.<\/p>\n\n\n\n<p>Vous aurez deux ravitaillements Solide et Liquide aux kilom\u00e8tres 8 et 15,5<\/p>\n\n\n\n<iframe width=\"100%\" height=\"650\" loading=\"lazy\" src=\"https:\/\/www.openrunner.com\/embed.html?code=66654e7968726a546a514c35393258785569646e74556970636b58623246734851516545437a434d6c64343d3a3a91edbec879ca8fe2d3f27fc2bbc3a4e6&#038;lang=fr&#038;unit=metric\" style=\"border: none;\"><\/iframe>\n","protected":false},"excerpt":{"rendered":"<p>Vous ferez un parcours vari\u00e9 avec de beaux points de vue exclusivement dans le parc naturel de la combe \u00e0 la serpent. Vous n&rsquo;aurez donc que 500 m\u00e8tres de d\u00e9nivel\u00e9e, pas trop technique mais toujours en grande majorit\u00e9 sur des <a class=\"more-link\" href=\"https:\/\/www.traildelachouette.fr\/index.php\/leperviere\/\">Lire la suite &#8230;<\/a><\/p>\n","protected":false},"author":1,"featured_media":0,"parent":0,"menu_order":0,"comment_status":"closed","ping_status":"closed","template":"","meta":{"footnotes":""},"class_list":["post-1379","page","type-page","status-publish","hentry"],"_links":{"self":[{"href":"https:\/\/www.traildelachouette.fr\/index.php\/wp-json\/wp\/v2\/pages\/1379","targetHints":{"allow":["GET"]}}],"collection":[{"href":"https:\/\/www.traildelachouette.fr\/index.php\/wp-json\/wp\/v2\/pages"}],"about":[{"href":"https:\/\/www.traildelachouette.fr\/index.php\/wp-json\/wp\/v2\/types\/page"}],"author":[{"embeddable":true,"href":"https:\/\/www.traildelachouette.fr\/index.php\/wp-json\/wp\/v2\/users\/1"}],"replies":[{"embeddable":true,"href":"https:\/\/www.traildelachouette.fr\/index.php\/wp-json\/wp\/v2\/comments?post=1379"}],"version-history":[{"count":11,"href":"https:\/\/www.traildelachouette.fr\/index.php\/wp-json\/wp\/v2\/pages\/1379\/revisions"}],"predecessor-version":[{"id":2316,"href":"https:\/\/www.traildelachouette.fr\/index.php\/wp-json\/wp\/v2\/pages\/1379\/revisions\/2316"}],"wp:attachment":[{"href":"https:\/\/www.traildelachouette.fr\/index.php\/wp-json\/wp\/v2\/media?parent=1379"}],"curies":[{"name":"wp","href":"https:\/\/api.w.org\/{rel}","templated":true}]}}