{"id":1224,"date":"2022-12-31T10:05:08","date_gmt":"2022-12-31T09:05:08","guid":{"rendered":"http:\/\/traildelachouette.fr\/?page_id=1224"},"modified":"2025-10-19T15:33:11","modified_gmt":"2025-10-19T14:33:11","slug":"inscriptions-clubs","status":"publish","type":"page","link":"https:\/\/www.traildelachouette.fr\/index.php\/inscriptions-clubs\/","title":{"rendered":"Inscriptions clubs"},"content":{"rendered":"<p><a href=\"http:\/\/traildelachouette.fr\/wp-content\/uploads\/2022\/10\/cropped-IMG_4880.jpg\"><img loading=\"lazy\" decoding=\"async\" class=\"alignnone size-medium wp-image-1207\" src=\"http:\/\/traildelachouette.fr\/wp-content\/uploads\/2022\/10\/cropped-IMG_4880-300x180.jpg\" alt=\"\" width=\"300\" height=\"180\" srcset=\"https:\/\/www.traildelachouette.fr\/wp-content\/uploads\/2022\/10\/cropped-IMG_4880-300x180.jpg 300w, https:\/\/www.traildelachouette.fr\/wp-content\/uploads\/2022\/10\/cropped-IMG_4880-768x461.jpg 768w, https:\/\/www.traildelachouette.fr\/wp-content\/uploads\/2022\/10\/cropped-IMG_4880-1024x614.jpg 1024w, https:\/\/www.traildelachouette.fr\/wp-content\/uploads\/2022\/10\/cropped-IMG_4880.jpg 2000w\" sizes=\"auto, (max-width: 300px) 100vw, 300px\" \/><\/a><\/p>\n<p><strong>Le trail de la Chouette est parfait pour un week-end club<\/strong><\/p>\n<ul>\n<li>4 distances propos\u00e9es (<a href=\"http:\/\/traildelachouette.fr\/index.php\/la-cheveche\/\">13<\/a>, <a href=\"http:\/\/traildelachouette.fr\/index.php\/leperviere\/\">20<\/a>, <a href=\"http:\/\/traildelachouette.fr\/index.php\/la-hulotte\/\">28<\/a>, et <a href=\"http:\/\/traildelachouette.fr\/index.php\/le-grand-duc\/\">42<\/a>)<\/li>\n<li>id\u00e9alement plac\u00e9 dans la saison pour pr\u00e9parer les courses en montagne.<\/li>\n<li>des capacit\u00e9s d&rsquo;h\u00e9bergement bon march\u00e9 (nous contacter)<\/li>\n<li>Un lieu d&rsquo;accueil avec animations et course enfants qui permet aux accompagnants de ne pas s&rsquo;ennuyer<\/li>\n<li>Une r\u00e9gion et des sp\u00e9cialit\u00e9s \u00e0 d\u00e9couvrir (vins et fromages)<\/li>\n<li>Les courses le samedi pour pouvoir profiter un peu plus de la Bourgogne<\/li>\n<li>La ville de Dijon qui est de plus en plus belle<\/li>\n<\/ul>\n<p><strong>Quels avantages pour les\u00a0clubs ?<\/strong><\/p>\n<ul>\n<li>Inscription group\u00e9es avec \u00e9changes par mail, ce qui simplifie l&rsquo;administratif<\/li>\n<li>La facture et le r\u00e8glement se font \u00e0 la remise des dossards en fonction du nombre de pr\u00e9sents.(les bless\u00e9s de derni\u00e8re minute ne sont pas factur\u00e9s)<\/li>\n<\/ul>\n\n<style id=\"wpforms-css-vars-2153-block-5fa27d2a-bfb8-46e6-83c4-52f663a9844b\">\n\t\t\t\t#wpforms-2153.wpforms-block-5fa27d2a-bfb8-46e6-83c4-52f663a9844b {\n\t\t\t\t--wpforms-label-color: #4f4342;\n--wpforms-label-sublabel-color: rgba(0, 0, 0, 0.55);\n--wpforms-field-border-color: rgba(0, 0, 0, 0.25);\n--wpforms-field-border-color-spare: rgba(0, 0, 0, 0.25);\n--wpforms-field-text-color: #bd9b9b;\n--wpforms-field-size-input-height: 43px;\n--wpforms-field-size-input-spacing: 15px;\n--wpforms-field-size-font-size: 16px;\n--wpforms-field-size-line-height: 19px;\n--wpforms-field-size-padding-h: 14px;\n--wpforms-field-size-checkbox-size: 16px;\n--wpforms-field-size-sublabel-spacing: 5px;\n--wpforms-field-size-icon-size: 1;\n--wpforms-label-size-font-size: 16px;\n--wpforms-label-size-line-height: 19px;\n--wpforms-label-size-sublabel-font-size: 14px;\n--wpforms-label-size-sublabel-line-height: 17px;\n--wpforms-button-size-font-size: 17px;\n--wpforms-button-size-height: 41px;\n--wpforms-button-size-padding-h: 15px;\n--wpforms-button-size-margin-top: 10px;\n\t\t\t}\n\t\t\t<\/style><div class=\"wpforms-container wpforms-container-full wpforms-block wpforms-block-5fa27d2a-bfb8-46e6-83c4-52f663a9844b wpforms-render-modern\" id=\"wpforms-2153\"><form id=\"wpforms-form-2153\" class=\"wpforms-validate wpforms-form wpforms-ajax-form\" data-formid=\"2153\" method=\"post\" enctype=\"multipart\/form-data\" action=\"\/index.php\/wp-json\/wp\/v2\/pages\/1224\" data-token=\"bc5d17e44ee0198eeb5ee7b34a894ae0\" data-token-time=\"1776518185\"><noscript class=\"wpforms-error-noscript\">Veuillez activer JavaScript dans votre navigateur pour remplir ce formulaire.<\/noscript><div id=\"wpforms-error-noscript\" style=\"display: none;\">Veuillez activer JavaScript dans votre navigateur pour remplir ce formulaire.<\/div><div class=\"wpforms-field-container\"><div id=\"wpforms-2153-field_1-container\" class=\"wpforms-field wpforms-field-name\" data-field-id=\"1\"><fieldset><legend class=\"wpforms-field-label\">Nom <span class=\"wpforms-required-label\" aria-hidden=\"true\">*<\/span><\/legend><div class=\"wpforms-field-row wpforms-field-medium\"><div class=\"wpforms-field-row-block wpforms-first wpforms-one-half\"><input type=\"text\" id=\"wpforms-2153-field_1\" class=\"wpforms-field-name-first wpforms-field-required\" name=\"wpforms[fields][1][first]\" aria-errormessage=\"wpforms-2153-field_1-error\" required><label for=\"wpforms-2153-field_1\" class=\"wpforms-field-sublabel after\">Pr\u00e9nom<\/label><\/div><div class=\"wpforms-field-row-block wpforms-one-half\"><input type=\"text\" id=\"wpforms-2153-field_1-last\" class=\"wpforms-field-name-last wpforms-field-required\" name=\"wpforms[fields][1][last]\" aria-errormessage=\"wpforms-2153-field_1-last-error\" required><label for=\"wpforms-2153-field_1-last\" class=\"wpforms-field-sublabel after\">Nom<\/label><\/div><\/div><\/fieldset><\/div><div id=\"wpforms-2153-field_2-container\" class=\"wpforms-field wpforms-field-email\" data-field-id=\"2\"><label class=\"wpforms-field-label\" for=\"wpforms-2153-field_2\">Email <span class=\"wpforms-required-label\" aria-hidden=\"true\">*<\/span><\/label><input type=\"email\" id=\"wpforms-2153-field_2\" class=\"wpforms-field-medium wpforms-field-required\" name=\"wpforms[fields][2]\" spellcheck=\"false\" aria-errormessage=\"wpforms-2153-field_2-error\" required><\/div><div id=\"wpforms-2153-field_4-container\" class=\"wpforms-field wpforms-field-text\" data-field-id=\"4\"><label class=\"wpforms-field-label\" for=\"wpforms-2153-field_4\">T\u00e9l\u00e9phone<\/label><input type=\"text\" id=\"wpforms-2153-field_4\" class=\"wpforms-field-medium\" name=\"wpforms[fields][4]\" aria-errormessage=\"wpforms-2153-field_4-error\" ><\/div>\t\t<div id=\"wpforms-2153-field_5-container\"\n\t\t\tclass=\"wpforms-field wpforms-field-text\"\n\t\t\tdata-field-type=\"text\"\n\t\t\tdata-field-id=\"5\"\n\t\t\t>\n\t\t\t<label class=\"wpforms-field-label\" for=\"wpforms-2153-field_5\" >T\u00e9l\u00e9phone message Nom<\/label>\n\t\t\t<input type=\"text\" id=\"wpforms-2153-field_5\" class=\"wpforms-field-medium\" name=\"wpforms[fields][5]\" >\n\t\t<\/div>\n\t\t<div id=\"wpforms-2153-field_3-container\" class=\"wpforms-field wpforms-field-textarea\" data-field-id=\"3\"><label class=\"wpforms-field-label\" for=\"wpforms-2153-field_3\">Mon message<\/label><textarea id=\"wpforms-2153-field_3\" class=\"wpforms-field-medium\" name=\"wpforms[fields][3]\" aria-errormessage=\"wpforms-2153-field_3-error\" ><\/textarea><\/div><script>\n\t\t\t\t( function() {\n\t\t\t\t\tconst style = document.createElement( 'style' );\n\t\t\t\t\tstyle.appendChild( document.createTextNode( '#wpforms-2153-field_5-container { position: absolute !important; overflow: hidden !important; display: inline !important; height: 1px !important; width: 1px !important; z-index: -1000 !important; padding: 0 !important; } #wpforms-2153-field_5-container input { visibility: hidden; } #wpforms-conversational-form-page #wpforms-2153-field_5-container label { counter-increment: none; }' ) );\n\t\t\t\t\tdocument.head.appendChild( style );\n\t\t\t\t\tdocument.currentScript?.remove();\n\t\t\t\t} )();\n\t\t\t<\/script><\/div><!-- .wpforms-field-container --><div class=\"wpforms-submit-container\" ><input type=\"hidden\" name=\"wpforms[id]\" value=\"2153\"><input type=\"hidden\" name=\"page_title\" value=\"\"><input type=\"hidden\" name=\"page_url\" value=\"https:\/\/www.traildelachouette.fr\/index.php\/wp-json\/wp\/v2\/pages\/1224\"><input type=\"hidden\" name=\"url_referer\" value=\"\"><button type=\"submit\" name=\"wpforms[submit]\" id=\"wpforms-submit-2153\" class=\"wpforms-submit\" data-alt-text=\"Envoi...\" data-submit-text=\"Envoi\" aria-live=\"assertive\" value=\"wpforms-submit\">Envoi<\/button><img loading=\"lazy\" decoding=\"async\" src=\"https:\/\/www.traildelachouette.fr\/wp-content\/plugins\/wpforms-lite\/assets\/images\/submit-spin.svg\" class=\"wpforms-submit-spinner\" style=\"display: none;\" width=\"26\" height=\"26\" alt=\"Chargement en cours\"><\/div><\/form><\/div>  <!-- .wpforms-container -->","protected":false},"excerpt":{"rendered":"<p>Le trail de la Chouette est parfait pour un week-end club 4 distances propos\u00e9es (13, 20, 28, et 42) id\u00e9alement plac\u00e9 dans la saison pour pr\u00e9parer les courses en montagne. des capacit\u00e9s d&rsquo;h\u00e9bergement bon march\u00e9 (nous contacter) Un lieu d&rsquo;accueil <a class=\"more-link\" href=\"https:\/\/www.traildelachouette.fr\/index.php\/inscriptions-clubs\/\">Lire la suite &#8230;<\/a><\/p>\n","protected":false},"author":1,"featured_media":0,"parent":0,"menu_order":0,"comment_status":"closed","ping_status":"closed","template":"","meta":{"footnotes":""},"class_list":["post-1224","page","type-page","status-publish","hentry"],"_links":{"self":[{"href":"https:\/\/www.traildelachouette.fr\/index.php\/wp-json\/wp\/v2\/pages\/1224","targetHints":{"allow":["GET"]}}],"collection":[{"href":"https:\/\/www.traildelachouette.fr\/index.php\/wp-json\/wp\/v2\/pages"}],"about":[{"href":"https:\/\/www.traildelachouette.fr\/index.php\/wp-json\/wp\/v2\/types\/page"}],"author":[{"embeddable":true,"href":"https:\/\/www.traildelachouette.fr\/index.php\/wp-json\/wp\/v2\/users\/1"}],"replies":[{"embeddable":true,"href":"https:\/\/www.traildelachouette.fr\/index.php\/wp-json\/wp\/v2\/comments?post=1224"}],"version-history":[{"count":9,"href":"https:\/\/www.traildelachouette.fr\/index.php\/wp-json\/wp\/v2\/pages\/1224\/revisions"}],"predecessor-version":[{"id":2158,"href":"https:\/\/www.traildelachouette.fr\/index.php\/wp-json\/wp\/v2\/pages\/1224\/revisions\/2158"}],"wp:attachment":[{"href":"https:\/\/www.traildelachouette.fr\/index.php\/wp-json\/wp\/v2\/media?parent=1224"}],"curies":[{"name":"wp","href":"https:\/\/api.w.org\/{rel}","templated":true}]}}