{"id":900,"date":"2019-05-05T09:20:37","date_gmt":"2019-05-05T08:20:37","guid":{"rendered":"http:\/\/traildelachouette.fr\/?page_id=900"},"modified":"2019-05-05T09:20:37","modified_gmt":"2019-05-05T08:20:37","slug":"commentaires-2019","status":"publish","type":"page","link":"http:\/\/www.traildelachouette.fr\/index.php\/commentaires-2019\/","title":{"rendered":"Commentaires 2019"},"content":{"rendered":"<ul>\n<li><span style=\"font-size: 1rem;\">Super organisation, parcours exigeant et tr\u00e8s vari\u00e9, b\u00e9n\u00e9voles tr\u00e8s sympas. Bravo pour tout.<\/span><\/li>\n<li>Tr\u00e8s belle organisation, superbe parcours sur le 13km. De tr\u00e8s bons ravito et des petits cadeaux \u00e0 l\u2019arriv\u00e9e qui font bien plaisir ???<\/li>\n<li>Organisation au top, parcours du 13 kms super avec bcp de singles. RDV l&rsquo;ann\u00e9e prochaine pour le 24. Un grand Merci aux B\u00e9n\u00e9voles<\/li>\n<li>Sport. Convivialit\u00e9. F\u00e9d\u00e9ration. Partage. Performance. Endurance. Plaisir. C \u00e9tait tout ces ingr\u00e9dients r\u00e9unis auTrail de la Chouette\u00a0avec\u00a0Sancerre Running\u00a0et le Club de\u00a0US Berry Athl\u00e9tisme &#8211; Bourges&#8230; Bravoo \u00e0 tous !<\/li>\n<li>Merci pour les parcours techniques et sublimes &#8230; les merveilleux paysages et l&rsquo;organisation au Top !!! sign\u00e9 les traileurs de Courir \u00e0 St Alban<\/li>\n<li>la qualit\u00e9 des parcours (Lapone) qui \u00e9taient tr\u00e8s technique saupoudr\u00e9 d&rsquo;un zeste d&rsquo;orientation, l&rsquo;organisation et les b\u00e9n\u00e9voles, les ravito et quel paysage!!!<br \/>\nle n\u00e9gatif&#8230; cherchez pas , il n&rsquo;y en a pas.<br \/>\nBRAVO et \u00e0 l&rsquo;ann\u00e9e prochaine<\/li>\n<li>Parcours tr\u00e8s sympa et tr\u00e8s bonne organisation. Merci \u00e0 l\u2019orga et aux b\u00e9n\u00e9voles<\/li>\n<li>Super trail l\u2019un des meilleurs de la r\u00e9gion 24 km et pas une route\u00a0?a l\u2019ann\u00e9e prochaine\u00a0?. Bravo<\/li>\n<li>Parcours superbes et orga au top ! Le must:ravito bio et de qualit\u00e9 !<\/li>\n<li>Superbe \u00e9dition 2019, f\u00e9licitation \u00e0 l\u2019organisation et aux b\u00e9n\u00e9voles sympathiques et mobilis\u00e9s, qui nous offrent des parcours splendides !<br \/>\nUn trail o\u00f9 je reviendrai encore !<\/li>\n<li>Parcours sympa mais exigeant (Trail du grand duc).<br \/>\nle balisage peut \u00eatre am\u00e9liore, surtout pour les derniers qui peuvent manquer un peu de lucidit\u00e9.<br \/>\nAmbiance tr\u00e8s agr\u00e9able<br \/>\nMerci \u00e0 tous les b\u00e9n\u00e9voles<\/li>\n<li>super organisation, parcours exigeant et tr\u00e8s vari\u00e9, b\u00e9n\u00e9voles tr\u00e8s sympas. Bravo pour tout.<\/li>\n<li>Vraiment top. Comme l an dernier. Vivement l an prochain<\/li>\n<li>un trail d d&rsquo;exception !!!\u00a0???une organisation au top, un trac\u00e9 in\u00e9dit renouvel\u00e9 chaque ann\u00e9e &#8230; que dire \u00e0 part merci !!!<br \/>\nque de travail fourni pour notre plus grand bonheur&#8230;<br \/>\nsans h\u00e9siter mon meilleur trail<\/li>\n<li>Super parcours (13km) avec pleins de petits singles tous plus sympa que les autres ! Et que dire des b\u00e9n\u00e9voles qui ont tous un petit mot d\u2019encouragement tout au long du parcours ! Bravo et merci pour l\u2019organisation !<\/li>\n<li>Parcours exceptionnel sur la lapone!!! On en eu plein les yeux et plein pattes&#8230;<br \/>\nUn grand merci \u00e0 l\u2019organisation pour ce travail de titan!!! On reviendra c\u2019est s\u00fbr!!!<\/li>\n<li>Bravo un parcours comme j\u2019adore\u00a0?je me suis r\u00e9gal\u00e9e sur la hulotte<\/li>\n<li>Tr\u00e8s belle organisation et b\u00e9n\u00e9voles fort sympathiques.<br \/>\nMerci beaucoup !!!<\/li>\n<li>Encore une belle \u00e9dition cette ann\u00e9e ! Bravo et merci aux b\u00e9n\u00e9voles. ravito, balisage et cadeaux aux top! \u00e0 l ann\u00e9e prochaine<\/li>\n<li>Tr\u00e8s belle organisation , superbe parcours sur le 13km.<br \/>\nDe tr\u00e8s bons ravito et des petits cadeaux \u00e0 l\u2019arriv\u00e9e qui font bien plaisir\u00a0???<\/li>\n<li>Excellente organisation et parcours magnifiques, que demander de plus!!Merci \u00e0 tous les b\u00e9n\u00e9voles\u00a0?<\/li>\n<li>super parcours belle ambiance.J&rsquo;ai adore.<br \/>\nun grand merci au Dijon Tri et aux nombreux b\u00e9n\u00e9voles.<\/li>\n<li>Superbe organisation, un parcours toujours agr\u00e9able m\u00eame si le temps n\u2019\u00e9tait pas trop avec nous\u00a0?Merci et \u00e0 l\u2019ann\u00e9e prochaine\u00a0?<\/li>\n<li>Un magnifique parcours ( j\u2019ai test\u00e9 le 24), une organisation bien huil\u00e9e , des b\u00e9n\u00e9voles et supporters enthousiastes et souriants malgr\u00e9 les conditions m\u00e9t\u00e9o&#8230; que de bonnes raisons pour revenir tenter l\u2019aventure en 2020 et continuer \u00e0 se tester sur chemins accident\u00e9s d\u2019ici l\u00e0!<\/li>\n<li>\u2028\u202aC\u2019\u00e9tait vraiment super chouette ?<\/li>\n<li>\u202aMerci pour les massages \u00e0 l\u2019arriv\u00e9e , j\u2019ai \u00e9t\u00e9 bavard mais je suis rest\u00e9 plus longtemps ! Du coup pas de contractures ce matin. La forme ?<\/li>\n<li>\u202aSuperbe trac\u00e9 cette ann\u00e9e encore sur la lapone !!<\/li>\n<li>\u202aUn trail vraiment chouette, qui a tenu ttes ses promesses !<\/li>\n<li>Un vrai plaisir de decouvrir de nouveaux sentiers.<\/li>\n<li>Une mention special au speacker que j ai trouver vraiment excellent .franchement il assure au micro, bravo<\/li>\n<li>Tr\u00e8s belle course mais dont le balisage sur le 38 km \u00e9tait perfectible : si certaines portions \u00e9taient tr\u00e8s bien balis\u00e9es, d&rsquo;autres l&rsquo;\u00e9taient trop peu (grande distance entre 2 balises) voire mal (1 seule balise l\u00e0 ou une bifurcation \u00e9tait possible et m<\/li>\n<li>\u202aMa 3\u00e8me participation \u00e0 la Chev\u00eachette&#8230; une organisation \u00e0 saluer et des b\u00e9n\u00e9voles toujours aussi encourageants&#8230; Merci pour ce temps fort en partage et convivialit\u00e9, Bravo<\/li>\n<li>\u202aMerci \u00e0 l&rsquo;organisation pour ce beau parcours, mais \u00e0 revoir le balisage sur le grand duc<\/li>\n<li>\u202aMerci \u00e0 l&rsquo;organisation pour ce tr\u00e8s bel \u00e9v\u00e9nement ! \u00c0 l&rsquo;ann\u00e9e prochaine ss doute<\/li>\n<li>\u202aBravo \u00e0 vous ! Tres beau parcours ! Belle organisation au top ! ???<\/li>\n<li>\u202aSperbe organisation et tres beau parcours sur la chevechette. Bravo<\/li>\n<li>\u202aUn vrai coup de chapeau \u00e0 cette organisation, on sent la volont\u00e9 de bien faire, un c\u00f4t\u00e9 bienveillant assez rare de nos jours. On a beau \u00eatre du coin, les paysages sont superbes et nouveaux&#8230; surtout quand on fait des d\u00e9tours de 8 kms (quel beau chatea<\/li>\n<li>\u202aMerci \u00e0 vous pour cette superbe orga !<\/li>\n<li>\u202aBravo pour tout, notamment ce parcours ardu (39, je confirme ce km) et tr\u00e8s vari\u00e9. Et bonne recup&rsquo; aux chouettes b\u00e9n\u00e9voles aussi car leur journ\u00e9e aura \u00e9t\u00e9 longue.<\/li>\n<li>Merci et bravo aux organisateurs pour ce parcours fabuleux de la hulotte, c&rsquo;\u00e9tait top<\/li>\n<li>\u202aOrganisation au top, parcours technique avec de belles monotraces, ravito bien fourni, que demander de plus ? A l&rsquo;ann\u00e9e prochaine ! ?<\/li>\n<li>\u202aMerci \u00e0 tous les b\u00e9n\u00e9voles???.<\/li>\n<li>un tr\u00e8s joli parcours, avec des passages magnifique pour ma deuxi\u00e8me participation. Les ravitaillements au top rien \u00e0 dire?. J&rsquo;attends les photos avec impatience?. Je remet \u00e7a l&rsquo;ann\u00e9e prochaine?\u200d<\/li>\n<li>Quel pied ce parcours ! Mille mercis pour l&rsquo;orga et aux b\u00e9n\u00e9voles ?<\/li>\n<li>\u202aMerci aux b\u00e9n\u00e9voles pour cette belle organisation!! \u202aUn ravitaillement d&rsquo;arriv\u00e9e au top! \u202aA l &lsquo;ann\u00e9e prochaine ?<\/li>\n<li>\u202aMerci et bravo pour l\u2019organisation ?Et un grand merci aussi aux nombreux supporters pendant le parcours<\/li>\n<li>\u202aBravo pour l\u2019organisation ! Tr\u00e8s beau parcours sur la chev\u00eachette, je me suis r\u00e9gal\u00e9<\/li>\n<li>\u202aUn superbe trail (24 km) avec des paysages magnifiques et des b\u00e9n\u00e9voles au top?<\/li>\n<li>\u202aSuper parcours, b\u00e9n\u00e9voles au top et bien organis\u00e9. J&rsquo;attends les photos avec impatience.<\/li>\n<li>\u202aMerci \u00e0 vous pour l&rsquo;organisation c&rsquo;\u00e9tait vraiment top!!!!??<\/li>\n<li>\u202aMerci pour la beaut\u00e9 du parcours, et l\u2019accueil au top\u2028\u2028\u2028<a href=\"https:\/\/www.facebook.com\/ufi\/reaction\/profile\/browser\/?ft_ent_identifier=ZmVlZGJhY2s6MTE0OTM3MDM3ODU4NDAzMF8xMTQ5ODM4Mzk1MjAzODk1&amp;av=477955495725525\"><em>\u2028<\/em>1<\/a>\u2028\u2028\u2028G\u00e9rer<\/li>\n<li>\u202aBravo pour l&rsquo;organisation,et les parcours sympa,<\/li>\n<li>\u202aBravo \u00e0 vous encore un super Trail ??\u00e0 l&rsquo;ann\u00e9e prochaine???\u200d<\/li>\n<li>\u202amerci \u00e0 tout les b\u00e9n\u00e9voles qui nous ont soutenus toujours avec le sourire<\/li>\n<li>\u202aC&rsquo;est raide et un peu douloureux mais c&rsquo;\u00e9tait top. Merci d&rsquo;avoir organis\u00e9 \u00e7a aussi bien<\/li>\n<li>\u202aBravo pour l\u2019organisation , comme l\u2019ann\u00e9e derni\u00e8re une belle journ\u00e9e de Trail ?<\/li>\n<li>Merci \u00e0 vous pour l&rsquo;organisation ! ?<\/li>\n<li>\u202aC etait super merci ?<\/li>\n<li>\u202aCa pique ce matin. \u202aMais merci pour l\u2019organisation!!!<\/li>\n<li>\u202aBravo \u00e0 tous les participants et mention sp\u00e9ciale \u00e0 notre team Moutarde Reine de Dijon100% f\u00e9minine ! Bravo B\u00e9atrice, Marine et C\u00e9line \ud83d\ude42<\/li>\n<li>Un parcours et des b\u00e9n\u00e9voles au top!!!<\/li>\n<li>Tr\u00e8s belle course! \u202aMerci \u00e0 vous ?c\u2019\u00e9tait tr\u00e8s chouette ?hulotte<\/li>\n<li>Je vous remercie pour l&rsquo;organisation de votre trail un super parcours ,bien balis\u00e9, b\u00e9n\u00e9voles tr\u00e8s sympa et les ravitaillements aux tops. Il manquait le soleil \u00e0 l&rsquo;arriv\u00e9e. Bravo aux organisateurs et aux b\u00e9n\u00e9voles.<\/li>\n<li>J&rsquo;ai fait la Hulotte : super parcours, super organisation, super ambiance&#8230;..La \u00ab\u00a0tasse\u00a0\u00bb en plastique pour boire au ravito : super id\u00e9e&#8230;Bref, que du bonheur !!!&#8230;Un grand merci et \u00e0 l&rsquo;ann\u00e9e prochaine !??<\/li>\n<li><\/li>\n<\/ul>\n","protected":false},"excerpt":{"rendered":"<p>Super organisation, parcours exigeant et tr\u00e8s vari\u00e9, b\u00e9n\u00e9voles tr\u00e8s sympas. Bravo pour tout. Tr\u00e8s belle organisation, superbe parcours sur le 13km. De tr\u00e8s bons ravito et des petits cadeaux \u00e0 l\u2019arriv\u00e9e qui font bien plaisir ??? Organisation au top, parcours <a class=\"more-link\" href=\"http:\/\/www.traildelachouette.fr\/index.php\/commentaires-2019\/\">Lire la suite &#8230;<\/a><\/p>\n","protected":false},"author":1,"featured_media":0,"parent":0,"menu_order":0,"comment_status":"closed","ping_status":"closed","template":"","meta":{"footnotes":""},"class_list":["post-900","page","type-page","status-publish","hentry"],"_links":{"self":[{"href":"http:\/\/www.traildelachouette.fr\/index.php\/wp-json\/wp\/v2\/pages\/900","targetHints":{"allow":["GET"]}}],"collection":[{"href":"http:\/\/www.traildelachouette.fr\/index.php\/wp-json\/wp\/v2\/pages"}],"about":[{"href":"http:\/\/www.traildelachouette.fr\/index.php\/wp-json\/wp\/v2\/types\/page"}],"author":[{"embeddable":true,"href":"http:\/\/www.traildelachouette.fr\/index.php\/wp-json\/wp\/v2\/users\/1"}],"replies":[{"embeddable":true,"href":"http:\/\/www.traildelachouette.fr\/index.php\/wp-json\/wp\/v2\/comments?post=900"}],"version-history":[{"count":1,"href":"http:\/\/www.traildelachouette.fr\/index.php\/wp-json\/wp\/v2\/pages\/900\/revisions"}],"predecessor-version":[{"id":903,"href":"http:\/\/www.traildelachouette.fr\/index.php\/wp-json\/wp\/v2\/pages\/900\/revisions\/903"}],"wp:attachment":[{"href":"http:\/\/www.traildelachouette.fr\/index.php\/wp-json\/wp\/v2\/media?parent=900"}],"curies":[{"name":"wp","href":"https:\/\/api.w.org\/{rel}","templated":true}]}}