{"id":285,"date":"2016-09-18T16:32:48","date_gmt":"2016-09-18T15:32:48","guid":{"rendered":"http:\/\/traildelachouette.fr\/?page_id=285"},"modified":"2018-03-24T17:16:58","modified_gmt":"2018-03-24T16:16:58","slug":"nos-parrains","status":"publish","type":"page","link":"http:\/\/www.traildelachouette.fr\/index.php\/nos-parrains\/","title":{"rendered":"Nos Parrains"},"content":{"rendered":"<p><span style=\"text-decoration: underline;\"><strong>Marraines 2018<\/strong><\/span><\/p>\n<p>Le premier et unique Team 100% f\u00e9minin : la team Kari Traa<\/p>\n<table style=\"font-size: 1rem;\">\n<tbody>\n<tr>\n<td><a href=\"http:\/\/traildelachouette.fr\/wp-content\/uploads\/2018\/03\/KT17_0054.jpg\"><img loading=\"lazy\" decoding=\"async\" class=\"alignnone size-medium wp-image-533\" src=\"http:\/\/traildelachouette.fr\/wp-content\/uploads\/2018\/03\/KT17_0054-300x200.jpg\" alt=\"\" width=\"300\" height=\"200\" srcset=\"http:\/\/www.traildelachouette.fr\/wp-content\/uploads\/2018\/03\/KT17_0054-300x200.jpg 300w, http:\/\/www.traildelachouette.fr\/wp-content\/uploads\/2018\/03\/KT17_0054-768x512.jpg 768w, http:\/\/www.traildelachouette.fr\/wp-content\/uploads\/2018\/03\/KT17_0054-1024x683.jpg 1024w, http:\/\/www.traildelachouette.fr\/wp-content\/uploads\/2018\/03\/KT17_0054.jpg 1500w\" sizes=\"auto, (max-width: 300px) 100vw, 300px\" \/><\/a><\/td>\n<td><a href=\"http:\/\/traildelachouette.fr\/wp-content\/uploads\/2018\/03\/KT17_0026.jpg\"><img loading=\"lazy\" decoding=\"async\" class=\"alignnone size-medium wp-image-532\" src=\"http:\/\/traildelachouette.fr\/wp-content\/uploads\/2018\/03\/KT17_0026-300x200.jpg\" alt=\"\" width=\"300\" height=\"200\" srcset=\"http:\/\/www.traildelachouette.fr\/wp-content\/uploads\/2018\/03\/KT17_0026-300x200.jpg 300w, http:\/\/www.traildelachouette.fr\/wp-content\/uploads\/2018\/03\/KT17_0026-768x512.jpg 768w, http:\/\/www.traildelachouette.fr\/wp-content\/uploads\/2018\/03\/KT17_0026-1024x683.jpg 1024w, http:\/\/www.traildelachouette.fr\/wp-content\/uploads\/2018\/03\/KT17_0026.jpg 1500w\" sizes=\"auto, (max-width: 300px) 100vw, 300px\" \/><\/a><\/td>\n<td><a href=\"http:\/\/traildelachouette.fr\/wp-content\/uploads\/2018\/03\/KT17_0348.jpg\"><img loading=\"lazy\" decoding=\"async\" class=\"alignnone size-medium wp-image-531\" src=\"http:\/\/traildelachouette.fr\/wp-content\/uploads\/2018\/03\/KT17_0348-300x200.jpg\" alt=\"\" width=\"300\" height=\"200\" srcset=\"http:\/\/www.traildelachouette.fr\/wp-content\/uploads\/2018\/03\/KT17_0348-300x200.jpg 300w, http:\/\/www.traildelachouette.fr\/wp-content\/uploads\/2018\/03\/KT17_0348-768x512.jpg 768w, http:\/\/www.traildelachouette.fr\/wp-content\/uploads\/2018\/03\/KT17_0348.jpg 1000w\" sizes=\"auto, (max-width: 300px) 100vw, 300px\" \/><\/a><\/td>\n<\/tr>\n<tr>\n<td style=\"text-align: center;\" colspan=\"3\">Cr\u00e9dit Photos\u00a0@Lionel Montico<\/td>\n<\/tr>\n<\/tbody>\n<\/table>\n<p>&nbsp;<\/p>\n<p><span style=\"text-decoration: underline;\"><strong>Parrain 2017<\/strong><\/span><\/p>\n<p>Thomas Saint Girons, 1er v\u00e9t\u00e9ran et 10\u00e8me au scratch des derniers championnats de France de Trail.<\/p>\n<p>[columns] [span6]<\/p>\n<p><a href=\"http:\/\/traildelachouette.fr\/wp-content\/uploads\/2016\/09\/213_01ve_10h44m40s_CRI6255_FINAL.jpg\"><img loading=\"lazy\" decoding=\"async\" class=\"alignnone size-thumbnail wp-image-286\" src=\"http:\/\/traildelachouette.fr\/wp-content\/uploads\/2016\/09\/213_01ve_10h44m40s_CRI6255_FINAL-150x150.jpg\" alt=\"213_01ve_10h44m40s_cri6255_final\" width=\"150\" height=\"150\" \/><\/a><\/p>\n<p>[\/span6][span6]<\/p>\n<p><a href=\"http:\/\/traildelachouette.fr\/wp-content\/uploads\/2016\/09\/14248834_1142540282487158_595355472_n.jpg\"><img loading=\"lazy\" decoding=\"async\" class=\"alignnone size-thumbnail wp-image-287\" src=\"http:\/\/traildelachouette.fr\/wp-content\/uploads\/2016\/09\/14248834_1142540282487158_595355472_n-150x150.jpg\" alt=\"14248834_1142540282487158_595355472_n\" width=\"150\" height=\"150\" \/><\/a><\/p>\n<p>[\/span6][\/columns]<\/p>\n<p><span style=\"text-decoration: underline;\"><strong>Parrains 2016<\/strong><\/span><\/p>\n<p>La Dijon Dream Team compos\u00e9e de Denis Royet, Thomas Paris et Damien Delaplanche d\u00e9tenteurs du record amateur de la Travers\u00e9e (Chamonix Brian\u00e7on)<\/p>\n<p>[columns] [span4]<\/p>\n<p><a href=\"http:\/\/traildelachouette.fr\/wp-content\/uploads\/2016\/09\/160410-092104_MG_8336.jpg\"><img loading=\"lazy\" decoding=\"async\" class=\"alignnone size-thumbnail wp-image-289\" src=\"http:\/\/traildelachouette.fr\/wp-content\/uploads\/2016\/09\/160410-092104_MG_8336-150x150.jpg\" alt=\"160410-092104_mg_8336\" width=\"150\" height=\"150\" \/><\/a><br \/>\n[\/span4][span4]<\/p>\n<p><a href=\"http:\/\/traildelachouette.fr\/wp-content\/uploads\/2016\/09\/160410-092034_MG_8328.jpg\"><img loading=\"lazy\" decoding=\"async\" class=\"alignnone size-thumbnail wp-image-288\" src=\"http:\/\/traildelachouette.fr\/wp-content\/uploads\/2016\/09\/160410-092034_MG_8328-150x150.jpg\" alt=\"160410-092034_mg_8328\" width=\"150\" height=\"150\" \/><\/a><\/p>\n<p>[\/span4][span4]<\/p>\n<p><a href=\"http:\/\/traildelachouette.fr\/wp-content\/uploads\/2016\/09\/160410-092200_MG_8339.jpg\"><img loading=\"lazy\" decoding=\"async\" class=\"alignnone size-thumbnail wp-image-290\" src=\"http:\/\/traildelachouette.fr\/wp-content\/uploads\/2016\/09\/160410-092200_MG_8339-150x150.jpg\" alt=\"160410-092200_mg_8339\" width=\"150\" height=\"150\" \/><\/a><\/p>\n<p>[\/span4][\/columns]<\/p>\n","protected":false},"excerpt":{"rendered":"<p>Marraines 2018 Le premier et unique Team 100% f\u00e9minin : la team Kari Traa Cr\u00e9dit Photos\u00a0@Lionel Montico &nbsp; Parrain 2017 Thomas Saint Girons, 1er v\u00e9t\u00e9ran et 10\u00e8me au scratch des derniers championnats de France de Trail. [columns] [span6] [\/span6][span6] [\/span6][\/columns] <a class=\"more-link\" href=\"http:\/\/www.traildelachouette.fr\/index.php\/nos-parrains\/\">Lire la suite &#8230;<\/a><\/p>\n","protected":false},"author":1,"featured_media":0,"parent":0,"menu_order":0,"comment_status":"closed","ping_status":"closed","template":"","meta":{"footnotes":""},"class_list":["post-285","page","type-page","status-publish","hentry"],"_links":{"self":[{"href":"http:\/\/www.traildelachouette.fr\/index.php\/wp-json\/wp\/v2\/pages\/285","targetHints":{"allow":["GET"]}}],"collection":[{"href":"http:\/\/www.traildelachouette.fr\/index.php\/wp-json\/wp\/v2\/pages"}],"about":[{"href":"http:\/\/www.traildelachouette.fr\/index.php\/wp-json\/wp\/v2\/types\/page"}],"author":[{"embeddable":true,"href":"http:\/\/www.traildelachouette.fr\/index.php\/wp-json\/wp\/v2\/users\/1"}],"replies":[{"embeddable":true,"href":"http:\/\/www.traildelachouette.fr\/index.php\/wp-json\/wp\/v2\/comments?post=285"}],"version-history":[{"count":7,"href":"http:\/\/www.traildelachouette.fr\/index.php\/wp-json\/wp\/v2\/pages\/285\/revisions"}],"predecessor-version":[{"id":534,"href":"http:\/\/www.traildelachouette.fr\/index.php\/wp-json\/wp\/v2\/pages\/285\/revisions\/534"}],"wp:attachment":[{"href":"http:\/\/www.traildelachouette.fr\/index.php\/wp-json\/wp\/v2\/media?parent=285"}],"curies":[{"name":"wp","href":"https:\/\/api.w.org\/{rel}","templated":true}]}}