{"id":272,"date":"2016-07-31T11:06:40","date_gmt":"2016-07-31T10:06:40","guid":{"rendered":"http:\/\/traildelachouette.fr\/?page_id=272"},"modified":"2026-03-27T08:19:25","modified_gmt":"2026-03-27T07:19:25","slug":"la-lapone","status":"publish","type":"page","link":"http:\/\/www.traildelachouette.fr\/index.php\/la-lapone\/","title":{"rendered":"La Lapone"},"content":{"rendered":"\n<p><\/p>\n\n\n\n<p class=\"has-normal-font-size\">Rendez-vous le Week-end des 26 et 27 septembre 2026 !!!!!!!<\/p>\n\n\n\n<p><strong>La Lapone revient sur deux jours<\/strong><\/p>\n\n\n\n<p>Cette \u00e9preuve se fait \u00e0 deux \u00e9quipier(e)s qui restent ensemble tout le long du parcours.<br>Aucune balise sur les sentiers, nous privil\u00e9gions les chemins balis\u00e9s par le CAF ce qui fait que le parcours se fait sans avoir de comp\u00e9tences particuli\u00e8res en orientation, il faut toutefois savoir lire une carte et l&rsquo;utilisation d&rsquo;une boussole peut \u00eatre utile.<br>Toutes les \u00e9quipes seront \u00e9quip\u00e9es de balises GPS ce qui nous permet de vous joindre en cas d&rsquo;erreur d&rsquo;itin\u00e9raire s\u00e9rieuse.<\/p>\n\n\n\n<ul class=\"wp-block-list\">\n<li><strong>Le samedi<\/strong><br>Le matin, vous d\u00e9posez votre mat\u00e9riel de camping, tente et sacs puis vous montez dans des bus qui vous transportent jusqu&rsquo;au point de d\u00e9part.<br>Dans les bus, nous vous remettons une carte qui va vous permettre de vous rendre au premier check-point avec ravitaillement, une fois arriv\u00e9s, nous nous assurons que tout se passe bien et vous remettons une deuxi\u00e8me carte pour aller au check point suivant, et ainsi de suite jusqu&rsquo;\u00e0 l&rsquo;arriv\u00e9e sur l&rsquo;aire de bivouac (parcours entre 50 et 60 kms pour environ 2500 D+)<br>Arriv\u00e9s sur l&rsquo;aire, vous prenez une bonne douche chaude et vous installez votre mat\u00e9riel pour la nuit.<br>Nous vous attendons dans un lieu original pour l&rsquo;ap\u00e9ro et le repas du soir.<br>Couch\u00e9s de bonne heure et de bonne humeur, vous serez r\u00e9veill\u00e9s le dimanche matin \u00e0 une heure incertaine.<\/li>\n\n\n\n<li>L<strong>e Dimanche<\/strong><br>Rangement de votre mat\u00e9riel de camping et d\u00e9p\u00f4t dans le camion de transport<br>Petit d\u00e9jeuner<br>D\u00e9part pour la deuxi\u00e8me journ\u00e9e, avec le m\u00eame principe sur un parcours entre 40 et 50 kms pour environ 1500 D+<br>Arriv\u00e9e \u00e0 la base nautique du lac Kir, douches, buffet d&rsquo;arriv\u00e9e, r\u00e9cup\u00e9ration des sacs<\/li>\n<\/ul>\n\n\n\n<p><a href=\"https:\/\/www.traildelachouette.fr\/index.php\/reglement-lapone-2026\/\" data-type=\"page\" data-id=\"2272\">Acc\u00e8s au r\u00e8glement complet<\/a><\/p>\n\n\n\n<p>Pour toute question, n&rsquo;h\u00e9sitez pas \u00e0 nous contacter<\/p>\n\n\n\n<p><a href=\"https:\/\/www.even-outdoor.com\/courses\/index.php?m=courses&amp;a=courses&amp;resultats=0&amp;id_evenement=717\">Acc\u00e8s \u00e0 la plateforme d&rsquo;inscription<\/a><br><\/p>\n\n\n\n<p><\/p>\n","protected":false},"excerpt":{"rendered":"<p>Rendez-vous le Week-end des 26 et 27 septembre 2026 !!!!!!! La Lapone revient sur deux jours Cette \u00e9preuve se fait \u00e0 deux \u00e9quipier(e)s qui restent ensemble tout le long du parcours.Aucune balise sur les sentiers, nous privil\u00e9gions les chemins balis\u00e9s <a class=\"more-link\" href=\"http:\/\/www.traildelachouette.fr\/index.php\/la-lapone\/\">Lire la suite &#8230;<\/a><\/p>\n","protected":false},"author":1,"featured_media":0,"parent":0,"menu_order":0,"comment_status":"closed","ping_status":"closed","template":"","meta":{"footnotes":""},"class_list":["post-272","page","type-page","status-publish","hentry"],"_links":{"self":[{"href":"http:\/\/www.traildelachouette.fr\/index.php\/wp-json\/wp\/v2\/pages\/272","targetHints":{"allow":["GET"]}}],"collection":[{"href":"http:\/\/www.traildelachouette.fr\/index.php\/wp-json\/wp\/v2\/pages"}],"about":[{"href":"http:\/\/www.traildelachouette.fr\/index.php\/wp-json\/wp\/v2\/types\/page"}],"author":[{"embeddable":true,"href":"http:\/\/www.traildelachouette.fr\/index.php\/wp-json\/wp\/v2\/users\/1"}],"replies":[{"embeddable":true,"href":"http:\/\/www.traildelachouette.fr\/index.php\/wp-json\/wp\/v2\/comments?post=272"}],"version-history":[{"count":40,"href":"http:\/\/www.traildelachouette.fr\/index.php\/wp-json\/wp\/v2\/pages\/272\/revisions"}],"predecessor-version":[{"id":2301,"href":"http:\/\/www.traildelachouette.fr\/index.php\/wp-json\/wp\/v2\/pages\/272\/revisions\/2301"}],"wp:attachment":[{"href":"http:\/\/www.traildelachouette.fr\/index.php\/wp-json\/wp\/v2\/media?parent=272"}],"curies":[{"name":"wp","href":"https:\/\/api.w.org\/{rel}","templated":true}]}}