{"id":2080,"date":"2025-05-07T08:51:50","date_gmt":"2025-05-07T07:51:50","guid":{"rendered":"http:\/\/traildelachouette.fr\/?page_id=2080"},"modified":"2025-05-07T09:08:46","modified_gmt":"2025-05-07T08:08:46","slug":"edition-2025","status":"publish","type":"page","link":"http:\/\/www.traildelachouette.fr\/index.php\/edition-2025\/","title":{"rendered":"Edition 2025"},"content":{"rendered":"\n<figure class=\"wp-block-image size-full\"><a href=\"http:\/\/traildelachouette.fr\/wp-content\/uploads\/2025\/05\/D84A1969-ImaginNat.jpg\"><img loading=\"lazy\" decoding=\"async\" width=\"800\" height=\"533\" src=\"http:\/\/traildelachouette.fr\/wp-content\/uploads\/2025\/05\/D84A1969-ImaginNat.jpg\" alt=\"\" class=\"wp-image-2088\" srcset=\"http:\/\/www.traildelachouette.fr\/wp-content\/uploads\/2025\/05\/D84A1969-ImaginNat.jpg 800w, http:\/\/www.traildelachouette.fr\/wp-content\/uploads\/2025\/05\/D84A1969-ImaginNat-300x200.jpg 300w, http:\/\/www.traildelachouette.fr\/wp-content\/uploads\/2025\/05\/D84A1969-ImaginNat-768x512.jpg 768w\" sizes=\"auto, (max-width: 800px) 100vw, 800px\" \/><\/a><\/figure>\n\n\n\n<p><a href=\"https:\/\/www.even-outdoor.com\/courses\/index.php?m=courses&amp;a=courses&amp;resultats=1&amp;id_evenement=584\">Tous les r\u00e9sultats<\/a><\/p>\n\n\n\n<p>Toutes les photos de nos photographes professionnels mises \u00e0 disposition gratuitement<\/p>\n\n\n\n<p>Jos\u00e9 Goulart (<a href=\"https:\/\/www.jg-photographies.fr\/WPTemp\/bienvenue\/boutique\/?gad_source=1&amp;gad_campaignid=15166511263&amp;gbraid=0AAAAAoPSOt1JbH-e43qkNCoFqvI7NH_qQ&amp;gclid=CjwKCAjwiezABhBZEiwAEbTPGJ8c3p8bVycGVwGF9KWAc_EPW3rNV_PETi68r33hZZscfMRDGAXjbBoCx9QQAvD_BwE\">JG Photographies et Impressions<\/a>)<br><a href=\"https:\/\/www.jg-photographies.fr\/WPTemp\/bienvenue\/photographie\/vous-etes\/galeries-privees\/trail-de-la-chouette-2025\/\">Les photos<\/a><\/p>\n\n\n\n<p>Laurent Duquesne (<a href=\"https:\/\/www.shooting-dijon.com\">Shooting Dijon<\/a>)<br><a href=\"https:\/\/www.jingoo.com\/client\/key\/632d19\/f351f133\/\">Les photos<\/a><\/p>\n\n\n\n<p>Nicolas Goisque (<a href=\"http:\/\/niko-ngoisque.blogspot.com\">Nikophot<\/a>)<br><a href=\"https:\/\/www.jingoo.com\/client\/key\/631f42\/ffe241be\/\">Les photos<\/a><\/p>\n","protected":false},"excerpt":{"rendered":"<p>Tous les r\u00e9sultats Toutes les photos de nos photographes professionnels mises \u00e0 disposition gratuitement Jos\u00e9 Goulart (JG Photographies et Impressions)Les photos Laurent Duquesne (Shooting Dijon)Les photos Nicolas Goisque (Nikophot)Les photos<\/p>\n","protected":false},"author":1,"featured_media":0,"parent":0,"menu_order":0,"comment_status":"closed","ping_status":"closed","template":"","meta":{"footnotes":""},"class_list":["post-2080","page","type-page","status-publish","hentry"],"_links":{"self":[{"href":"http:\/\/www.traildelachouette.fr\/index.php\/wp-json\/wp\/v2\/pages\/2080","targetHints":{"allow":["GET"]}}],"collection":[{"href":"http:\/\/www.traildelachouette.fr\/index.php\/wp-json\/wp\/v2\/pages"}],"about":[{"href":"http:\/\/www.traildelachouette.fr\/index.php\/wp-json\/wp\/v2\/types\/page"}],"author":[{"embeddable":true,"href":"http:\/\/www.traildelachouette.fr\/index.php\/wp-json\/wp\/v2\/users\/1"}],"replies":[{"embeddable":true,"href":"http:\/\/www.traildelachouette.fr\/index.php\/wp-json\/wp\/v2\/comments?post=2080"}],"version-history":[{"count":3,"href":"http:\/\/www.traildelachouette.fr\/index.php\/wp-json\/wp\/v2\/pages\/2080\/revisions"}],"predecessor-version":[{"id":2089,"href":"http:\/\/www.traildelachouette.fr\/index.php\/wp-json\/wp\/v2\/pages\/2080\/revisions\/2089"}],"wp:attachment":[{"href":"http:\/\/www.traildelachouette.fr\/index.php\/wp-json\/wp\/v2\/media?parent=2080"}],"curies":[{"name":"wp","href":"https:\/\/api.w.org\/{rel}","templated":true}]}}