{"id":1394,"date":"2024-01-09T08:31:20","date_gmt":"2024-01-09T07:31:20","guid":{"rendered":"http:\/\/traildelachouette.fr\/?page_id=1394"},"modified":"2025-04-11T07:06:04","modified_gmt":"2025-04-11T06:06:04","slug":"courses-enfants","status":"publish","type":"page","link":"http:\/\/www.traildelachouette.fr\/index.php\/courses-enfants\/","title":{"rendered":"Courses enfants"},"content":{"rendered":"\n<p>Deux  courses enfants seront organis\u00e9es et sont r\u00e9serv\u00e9es aux 5 \u00e0 10 ans, elles  partiront juste avant la derni\u00e8re course adultes, soit entre 9h45 et 9h55. Les inscriptions se feront uniquement sur place et seront gratuites, les parents pourront toutefois faire un don qui sera enti\u00e8rement ajout\u00e9 \u00e0 la dotation globale pour l&rsquo;association soutenue.<\/p>\n","protected":false},"excerpt":{"rendered":"<p>Deux courses enfants seront organis\u00e9es et sont r\u00e9serv\u00e9es aux 5 \u00e0 10 ans, elles partiront juste avant la derni\u00e8re course adultes, soit entre 9h45 et 9h55. Les inscriptions se feront uniquement sur place et seront gratuites, les parents pourront toutefois <a class=\"more-link\" href=\"http:\/\/www.traildelachouette.fr\/index.php\/courses-enfants\/\">Lire la suite &#8230;<\/a><\/p>\n","protected":false},"author":1,"featured_media":0,"parent":0,"menu_order":0,"comment_status":"closed","ping_status":"closed","template":"","meta":{"footnotes":""},"class_list":["post-1394","page","type-page","status-publish","hentry"],"_links":{"self":[{"href":"http:\/\/www.traildelachouette.fr\/index.php\/wp-json\/wp\/v2\/pages\/1394","targetHints":{"allow":["GET"]}}],"collection":[{"href":"http:\/\/www.traildelachouette.fr\/index.php\/wp-json\/wp\/v2\/pages"}],"about":[{"href":"http:\/\/www.traildelachouette.fr\/index.php\/wp-json\/wp\/v2\/types\/page"}],"author":[{"embeddable":true,"href":"http:\/\/www.traildelachouette.fr\/index.php\/wp-json\/wp\/v2\/users\/1"}],"replies":[{"embeddable":true,"href":"http:\/\/www.traildelachouette.fr\/index.php\/wp-json\/wp\/v2\/comments?post=1394"}],"version-history":[{"count":2,"href":"http:\/\/www.traildelachouette.fr\/index.php\/wp-json\/wp\/v2\/pages\/1394\/revisions"}],"predecessor-version":[{"id":1970,"href":"http:\/\/www.traildelachouette.fr\/index.php\/wp-json\/wp\/v2\/pages\/1394\/revisions\/1970"}],"wp:attachment":[{"href":"http:\/\/www.traildelachouette.fr\/index.php\/wp-json\/wp\/v2\/media?parent=1394"}],"curies":[{"name":"wp","href":"https:\/\/api.w.org\/{rel}","templated":true}]}}