{"id":1038,"date":"2021-08-18T08:18:57","date_gmt":"2021-08-18T07:18:57","guid":{"rendered":"http:\/\/traildelachouette.fr\/?page_id=1038"},"modified":"2022-10-25T07:57:54","modified_gmt":"2022-10-25T06:57:54","slug":"edition-2022","status":"publish","type":"page","link":"http:\/\/www.traildelachouette.fr\/index.php\/edition-2022\/","title":{"rendered":"Edition 2022"},"content":{"rendered":"<p><b>L&rsquo;\u00e9dition 2022 a\u00a0\u00e9t\u00e9 une des plus belles !!!!<\/b><\/p>\n<p>Merci \u00e0 tous pour vos sourires, tous nos b\u00e9n\u00e9voles vous ont trouv\u00e9 formidables, vivement 2023.<br \/>\n<a href=\"https:\/\/www.even-outdoor.com\/courses\/index.php?m=courses&amp;a=courses&amp;resultats=1&amp;id_evenement=326\" target=\"_blank\" rel=\"noopener\">Les r\u00e9sultats sont disponibles<\/a><\/p>\n<p>Les premi\u00e8res photos sont \u00e9galement disponibles<br \/>\n<a href=\"https:\/\/www.jg-photographies.fr\/WPTemp\/bienvenue\/photographie\/photographie-pro\/galeries-pro\/trail-de-la-chouette-2022-version-ecran\/\">Grand-Duc et Hulotte<\/a> par jos\u00e9 Goulart<br \/>\n<a href=\"https:\/\/www.jingoo.com\/client\/key\/4fdd37\/663d7e0d\/\">Site et Chev\u00eachette<\/a> par Nicolas Goisque<\/p>\n","protected":false},"excerpt":{"rendered":"<p>L&rsquo;\u00e9dition 2022 a\u00a0\u00e9t\u00e9 une des plus belles !!!! Merci \u00e0 tous pour vos sourires, tous nos b\u00e9n\u00e9voles vous ont trouv\u00e9 formidables, vivement 2023. Les r\u00e9sultats sont disponibles Les premi\u00e8res photos sont \u00e9galement disponibles Grand-Duc et Hulotte par jos\u00e9 Goulart Site <a class=\"more-link\" href=\"http:\/\/www.traildelachouette.fr\/index.php\/edition-2022\/\">Lire la suite &#8230;<\/a><\/p>\n","protected":false},"author":1,"featured_media":0,"parent":0,"menu_order":0,"comment_status":"closed","ping_status":"closed","template":"","meta":{"footnotes":""},"class_list":["post-1038","page","type-page","status-publish","hentry"],"_links":{"self":[{"href":"http:\/\/www.traildelachouette.fr\/index.php\/wp-json\/wp\/v2\/pages\/1038","targetHints":{"allow":["GET"]}}],"collection":[{"href":"http:\/\/www.traildelachouette.fr\/index.php\/wp-json\/wp\/v2\/pages"}],"about":[{"href":"http:\/\/www.traildelachouette.fr\/index.php\/wp-json\/wp\/v2\/types\/page"}],"author":[{"embeddable":true,"href":"http:\/\/www.traildelachouette.fr\/index.php\/wp-json\/wp\/v2\/users\/1"}],"replies":[{"embeddable":true,"href":"http:\/\/www.traildelachouette.fr\/index.php\/wp-json\/wp\/v2\/comments?post=1038"}],"version-history":[{"count":6,"href":"http:\/\/www.traildelachouette.fr\/index.php\/wp-json\/wp\/v2\/pages\/1038\/revisions"}],"predecessor-version":[{"id":1189,"href":"http:\/\/www.traildelachouette.fr\/index.php\/wp-json\/wp\/v2\/pages\/1038\/revisions\/1189"}],"wp:attachment":[{"href":"http:\/\/www.traildelachouette.fr\/index.php\/wp-json\/wp\/v2\/media?parent=1038"}],"curies":[{"name":"wp","href":"https:\/\/api.w.org\/{rel}","templated":true}]}}